
{"id":973,"date":"2014-07-21T17:24:33","date_gmt":"2014-07-21T16:24:33","guid":{"rendered":"https:\/\/projects.grupomainjobs.com\/curso\/master-en-aplicaciones-de-gestion-para-pymes\/"},"modified":"2014-08-05T13:16:02","modified_gmt":"2014-08-05T12:16:02","slug":"master-en-aplicaciones-de-gestion-para-pymes","status":"publish","type":"product","link":"https:\/\/projects.grupomainjobs.com\/eng\/product\/master-en-aplicaciones-de-gestion-para-pymes\/","title":{"rendered":"Master in Management Applications for SMEs"},"content":{"rendered":"<p>The Master in Management Applications for SMEs is aimed at professionals with an administrative profile who wish to master the most used management programs for SMEs in Spain in the areas of accounting, billing and payroll (ContaPlus, FacturaPlus and NominaPlus) through proven quality training and creditable through official certification issued directly by Sage.<\/p>","protected":false},"excerpt":{"rendered":"<p>El Master en aplicaciones de Gesti\u00f3n para PYMES est\u00e1 dirigido a profesionales con perfil administrativo que deseen dominar los programas de gesti\u00f3n para PYMES m\u00e1s usados en Espa\u00f1a en las [&hellip;]<\/p>","protected":false},"author":9192196,"featured_media":0,"comment_status":"closed","ping_status":"closed","template":"","meta":{"inline_featured_image":false,"advgb_blocks_editor_width":"","advgb_blocks_columns_visual_guide":""},"categories":[45,13,2],"tags":[],"product_brand":[],"product_cat":[211],"product_tag":[],"class_list":{"0":"post-973","1":"product","2":"type-product","3":"status-publish","5":"category-administracion-y-gestion","6":"category-cursos","7":"category-formacion","8":"product_cat-uncategorized","10":"first","11":"instock","12":"sale","13":"taxable","14":"shipping-taxable","15":"purchasable","16":"product-type-simple"},"acf":[],"featured_img":false,"coauthors":[],"author_meta":{"author_link":"https:\/\/projects.grupomainjobs.com\/eng\/author\/admin\/","display_name":"Mainjobs"},"relative_dates":{"created":"Posted 12 years ago","modified":"Updated 12 years ago"},"absolute_dates":{"created":"Posted on July 21, 2014","modified":"Updated on August 5, 2014"},"absolute_dates_time":{"created":"Posted on July 21, 2014 17:24","modified":"Updated on August 5, 2014 13:16"},"featured_img_caption":"","tax_additional":{"category":{"linked":["<a href=\"https:\/\/projects.grupomainjobs.com\/eng\/formacion\/cursos\/administracion-y-gestion\/\" class=\"advgb-post-tax-term\">Administraci\u00f3n y gesti\u00f3n<\/a>","<a href=\"https:\/\/projects.grupomainjobs.com\/eng\/formacion\/cursos\/\" class=\"advgb-post-tax-term\">Cursos<\/a>","<a href=\"https:\/\/projects.grupomainjobs.com\/eng\/formacion\/\" class=\"advgb-post-tax-term\">Formaci\u00f3n<\/a>"],"unlinked":["<span class=\"advgb-post-tax-term\">Administraci\u00f3n y gesti\u00f3n<\/span>","<span class=\"advgb-post-tax-term\">Cursos<\/span>","<span class=\"advgb-post-tax-term\">Formaci\u00f3n<\/span>"],"slug":"category","name":"Categories"},"post_tag":{"linked":[],"unlinked":[],"slug":"post_tag","name":"Tags"},"product_brand":{"linked":[],"unlinked":[],"slug":"product_brand","name":"Brands"},"product_type":{"linked":[],"unlinked":[],"slug":"product_type","name":"Product type"},"product_visibility":{"linked":["<a href=\"https:\/\/projects.grupomainjobs.com\/eng\/?taxonomy=product_visibility&#038;term=exclude-from-catalog\" class=\"advgb-post-tax-term\">exclude-from-catalog<\/a>","<a href=\"https:\/\/projects.grupomainjobs.com\/eng\/?taxonomy=product_visibility&#038;term=exclude-from-search\" class=\"advgb-post-tax-term\">exclude-from-search<\/a>"],"unlinked":["<span class=\"advgb-post-tax-term\">exclude-from-catalog<\/span>","<span class=\"advgb-post-tax-term\">exclude-from-search<\/span>"],"slug":"product_visibility","name":"Product visibility"},"product_cat":{"linked":["<a href=\"https:\/\/projects.grupomainjobs.com\/eng\/product-category\/uncategorized\/\" class=\"advgb-post-tax-term\">Uncategorized<\/a>"],"unlinked":["<span class=\"advgb-post-tax-term\">Uncategorized<\/span>"],"slug":"product_cat","name":"Product categories"},"product_tag":{"linked":[],"unlinked":[],"slug":"product_tag","name":"Product tags"},"product_shipping_class":{"linked":[],"unlinked":[],"slug":"product_shipping_class","name":"Product shipping classes"},"pa_cuota-inicial":{"linked":[],"unlinked":[],"slug":"pa_cuota-inicial","name":"Product Cuota inicial"},"pa_numero-de-cuotas":{"linked":[],"unlinked":[],"slug":"pa_numero-de-cuotas","name":"Product N\u00famero de cuotas"}},"series_order":"","_links":{"self":[{"href":"https:\/\/projects.grupomainjobs.com\/eng\/wp-json\/wp\/v2\/product\/973","targetHints":{"allow":["GET"]}}],"collection":[{"href":"https:\/\/projects.grupomainjobs.com\/eng\/wp-json\/wp\/v2\/product"}],"about":[{"href":"https:\/\/projects.grupomainjobs.com\/eng\/wp-json\/wp\/v2\/types\/product"}],"replies":[{"embeddable":true,"href":"https:\/\/projects.grupomainjobs.com\/eng\/wp-json\/wp\/v2\/comments?post=973"}],"wp:attachment":[{"href":"https:\/\/projects.grupomainjobs.com\/eng\/wp-json\/wp\/v2\/media?parent=973"}],"wp:term":[{"taxonomy":"category","embeddable":true,"href":"https:\/\/projects.grupomainjobs.com\/eng\/wp-json\/wp\/v2\/categories?post=973"},{"taxonomy":"post_tag","embeddable":true,"href":"https:\/\/projects.grupomainjobs.com\/eng\/wp-json\/wp\/v2\/tags?post=973"},{"taxonomy":"product_brand","embeddable":true,"href":"https:\/\/projects.grupomainjobs.com\/eng\/wp-json\/wp\/v2\/product_brand?post=973"},{"taxonomy":"product_cat","embeddable":true,"href":"https:\/\/projects.grupomainjobs.com\/eng\/wp-json\/wp\/v2\/product_cat?post=973"},{"taxonomy":"product_tag","embeddable":true,"href":"https:\/\/projects.grupomainjobs.com\/eng\/wp-json\/wp\/v2\/product_tag?post=973"}],"curies":[{"name":"wp","href":"https:\/\/api.w.org\/{rel}","templated":true}]}}