
{"id":1018,"date":"2014-07-21T17:24:35","date_gmt":"2014-07-21T16:24:35","guid":{"rendered":"https:\/\/projects.grupomainjobs.com\/curso\/seminario-como-ganar-contratos-y-adjudicaciones-en-licitaciones-y-concursos-publicos-estatal-autonomico-local\/"},"modified":"2014-08-05T13:38:37","modified_gmt":"2014-08-05T12:38:37","slug":"seminario-como-ganar-contratos-y-adjudicaciones-en-licitaciones-y-concursos-publicos-estatal-autonomico-local","status":"publish","type":"product","link":"https:\/\/projects.grupomainjobs.com\/eng\/product\/seminario-como-ganar-contratos-y-adjudicaciones-en-licitaciones-y-concursos-publicos-estatal-autonomico-local\/","title":{"rendered":"Seminar: How to Win Contracts and Awards in Public Bids and Competitions. State-Autonomous-Local"},"content":{"rendered":"<p>Responsible for relations with Public Administrations.<br \/>\nProject Managers<br \/>\nContracting Managers.<br \/>\nAdministrative Directors.<br \/>\nFinancial Directors.<br \/>\nLegal Advisors.<br \/>\nLabor Advisors and Consultants.<br \/>\nAnd, in general, anyone interested in having updated information on how to win contracts with Public Administrations.<\/p>","protected":false},"excerpt":{"rendered":"<p>Responsables de relaciones con Administraciones P\u00fablicas. Responsables de Proyectos Responsables de Contrataci\u00f3n. Directores Administrativos. Directores Financieros. Asesores Jur\u00eddicos. Asesores y Consultores Laborales. Y, en general, cualquier persona con inter\u00e9s en [&hellip;]<\/p>","protected":false},"author":9192196,"featured_media":0,"comment_status":"closed","ping_status":"closed","template":"","meta":{"inline_featured_image":false,"advgb_blocks_editor_width":"","advgb_blocks_columns_visual_guide":""},"categories":[13,2,43],"tags":[],"product_brand":[],"product_cat":[211],"product_tag":[],"class_list":{"0":"post-1018","1":"product","2":"type-product","3":"status-publish","5":"category-cursos","6":"category-formacion","7":"category-habilidades","8":"product_cat-uncategorized","10":"first","11":"instock","12":"taxable","13":"shipping-taxable","14":"purchasable","15":"product-type-simple"},"acf":[],"featured_img":false,"coauthors":[],"author_meta":{"author_link":"https:\/\/projects.grupomainjobs.com\/eng\/author\/admin\/","display_name":"Mainjobs"},"relative_dates":{"created":"Posted 12 years ago","modified":"Updated 12 years ago"},"absolute_dates":{"created":"Posted on July 21, 2014","modified":"Updated on August 5, 2014"},"absolute_dates_time":{"created":"Posted on July 21, 2014 17:24","modified":"Updated on August 5, 2014 13:38"},"featured_img_caption":"","tax_additional":{"category":{"linked":["<a href=\"https:\/\/projects.grupomainjobs.com\/eng\/formacion\/cursos\/\" class=\"advgb-post-tax-term\">Cursos<\/a>","<a href=\"https:\/\/projects.grupomainjobs.com\/eng\/formacion\/\" class=\"advgb-post-tax-term\">Formaci\u00f3n<\/a>","<a href=\"https:\/\/projects.grupomainjobs.com\/eng\/formacion\/cursos\/habilidades\/\" class=\"advgb-post-tax-term\">Habilidades<\/a>"],"unlinked":["<span class=\"advgb-post-tax-term\">Cursos<\/span>","<span class=\"advgb-post-tax-term\">Formaci\u00f3n<\/span>","<span class=\"advgb-post-tax-term\">Habilidades<\/span>"],"slug":"category","name":"Categories"},"post_tag":{"linked":[],"unlinked":[],"slug":"post_tag","name":"Tags"},"product_brand":{"linked":[],"unlinked":[],"slug":"product_brand","name":"Brands"},"product_type":{"linked":[],"unlinked":[],"slug":"product_type","name":"Product type"},"product_visibility":{"linked":["<a href=\"https:\/\/projects.grupomainjobs.com\/eng\/?taxonomy=product_visibility&#038;term=exclude-from-catalog\" class=\"advgb-post-tax-term\">exclude-from-catalog<\/a>","<a href=\"https:\/\/projects.grupomainjobs.com\/eng\/?taxonomy=product_visibility&#038;term=exclude-from-search\" class=\"advgb-post-tax-term\">exclude-from-search<\/a>"],"unlinked":["<span class=\"advgb-post-tax-term\">exclude-from-catalog<\/span>","<span class=\"advgb-post-tax-term\">exclude-from-search<\/span>"],"slug":"product_visibility","name":"Product visibility"},"product_cat":{"linked":["<a href=\"https:\/\/projects.grupomainjobs.com\/eng\/product-category\/uncategorized\/\" class=\"advgb-post-tax-term\">Uncategorized<\/a>"],"unlinked":["<span class=\"advgb-post-tax-term\">Uncategorized<\/span>"],"slug":"product_cat","name":"Product categories"},"product_tag":{"linked":[],"unlinked":[],"slug":"product_tag","name":"Product tags"},"product_shipping_class":{"linked":[],"unlinked":[],"slug":"product_shipping_class","name":"Product shipping classes"},"pa_cuota-inicial":{"linked":[],"unlinked":[],"slug":"pa_cuota-inicial","name":"Product Cuota inicial"},"pa_numero-de-cuotas":{"linked":[],"unlinked":[],"slug":"pa_numero-de-cuotas","name":"Product N\u00famero de cuotas"}},"series_order":"","_links":{"self":[{"href":"https:\/\/projects.grupomainjobs.com\/eng\/wp-json\/wp\/v2\/product\/1018","targetHints":{"allow":["GET"]}}],"collection":[{"href":"https:\/\/projects.grupomainjobs.com\/eng\/wp-json\/wp\/v2\/product"}],"about":[{"href":"https:\/\/projects.grupomainjobs.com\/eng\/wp-json\/wp\/v2\/types\/product"}],"replies":[{"embeddable":true,"href":"https:\/\/projects.grupomainjobs.com\/eng\/wp-json\/wp\/v2\/comments?post=1018"}],"wp:attachment":[{"href":"https:\/\/projects.grupomainjobs.com\/eng\/wp-json\/wp\/v2\/media?parent=1018"}],"wp:term":[{"taxonomy":"category","embeddable":true,"href":"https:\/\/projects.grupomainjobs.com\/eng\/wp-json\/wp\/v2\/categories?post=1018"},{"taxonomy":"post_tag","embeddable":true,"href":"https:\/\/projects.grupomainjobs.com\/eng\/wp-json\/wp\/v2\/tags?post=1018"},{"taxonomy":"product_brand","embeddable":true,"href":"https:\/\/projects.grupomainjobs.com\/eng\/wp-json\/wp\/v2\/product_brand?post=1018"},{"taxonomy":"product_cat","embeddable":true,"href":"https:\/\/projects.grupomainjobs.com\/eng\/wp-json\/wp\/v2\/product_cat?post=1018"},{"taxonomy":"product_tag","embeddable":true,"href":"https:\/\/projects.grupomainjobs.com\/eng\/wp-json\/wp\/v2\/product_tag?post=1018"}],"curies":[{"name":"wp","href":"https:\/\/api.w.org\/{rel}","templated":true}]}}