
{"id":4426,"date":"2016-04-20T09:21:20","date_gmt":"2016-04-20T08:21:20","guid":{"rendered":"https:\/\/projects.grupomainjobs.com\/?page_id=4426"},"modified":"2024-01-24T11:26:10","modified_gmt":"2024-01-24T10:26:10","slug":"adn-digital","status":"publish","type":"page","link":"https:\/\/projects.grupomainjobs.com\/eng\/adn-digital\/","title":{"rendered":"They have digital DNA"},"content":{"rendered":"<p class=\"p1\"><span class=\"s1\">Our hope is to work with institutions and companies that want to have a voice in the business landscape of the coming years and we know that it will be up to whoever bets on the\u00a0<span class=\"s2\"><b>digitization<\/b><\/span>. <\/span><\/p>\n<p class=\"p1\"><span class=\"s1\">Companies are in a period of transformation marked by technology that affects all aspects of their activity and all their processes. Diversifying the business, mentality and methods based on digital is the way.<\/span><\/p>","protected":false},"excerpt":{"rendered":"<p>Nuestra ilusi\u00f3n es trabajar con instituciones y empresas que quieran tener una voz en el panorama empresarial de los pr\u00f3ximos a\u00f1os y sabemos que ser\u00e1 de qui\u00e9n apueste por la\u00a0digitalizaci\u00f3n. [&hellip;]<\/p>","protected":false},"author":2,"featured_media":7170,"parent":0,"menu_order":0,"comment_status":"closed","ping_status":"closed","template":"","meta":{"inline_featured_image":false,"advgb_blocks_editor_width":"","advgb_blocks_columns_visual_guide":"","_joinchat":[],"footnotes":""},"class_list":["post-4426","page","type-page","status-publish","has-post-thumbnail","hentry"],"acf":[],"coauthors":[],"author_meta":{"author_link":"https:\/\/projects.grupomainjobs.com\/eng\/author\/jmoreno\/","display_name":"Comunicaci\u00f3n Mainjobs"},"relative_dates":{"created":"Posted 10 years ago","modified":"Updated 2 years ago"},"absolute_dates":{"created":"Posted on April 20, 2016","modified":"Updated on January 24, 2024"},"absolute_dates_time":{"created":"Posted on April 20, 2016 09:21","modified":"Updated on January 24, 2024 11:26"},"featured_img_caption":"","featured_img":"https:\/\/projects.grupomainjobs.com\/wp-content\/uploads\/2016\/05\/image-4.jpeg","series_order":"","_links":{"self":[{"href":"https:\/\/projects.grupomainjobs.com\/eng\/wp-json\/wp\/v2\/pages\/4426","targetHints":{"allow":["GET"]}}],"collection":[{"href":"https:\/\/projects.grupomainjobs.com\/eng\/wp-json\/wp\/v2\/pages"}],"about":[{"href":"https:\/\/projects.grupomainjobs.com\/eng\/wp-json\/wp\/v2\/types\/page"}],"author":[{"embeddable":true,"href":"https:\/\/projects.grupomainjobs.com\/eng\/wp-json\/wp\/v2\/users\/2"}],"replies":[{"embeddable":true,"href":"https:\/\/projects.grupomainjobs.com\/eng\/wp-json\/wp\/v2\/comments?post=4426"}],"version-history":[{"count":7,"href":"https:\/\/projects.grupomainjobs.com\/eng\/wp-json\/wp\/v2\/pages\/4426\/revisions"}],"predecessor-version":[{"id":4960,"href":"https:\/\/projects.grupomainjobs.com\/eng\/wp-json\/wp\/v2\/pages\/4426\/revisions\/4960"}],"wp:featuredmedia":[{"embeddable":true,"href":"https:\/\/projects.grupomainjobs.com\/eng\/wp-json\/wp\/v2\/media\/7170"}],"wp:attachment":[{"href":"https:\/\/projects.grupomainjobs.com\/eng\/wp-json\/wp\/v2\/media?parent=4426"}],"curies":[{"name":"wp","href":"https:\/\/api.w.org\/{rel}","templated":true}]}}