
{"id":98,"date":"1997-06-02T12:54:38","date_gmt":"1997-06-02T11:54:38","guid":{"rendered":"https:\/\/projects.grupomainjobs.com\/?p=98"},"modified":"2016-03-09T18:43:38","modified_gmt":"2016-03-09T17:43:38","slug":"dialogo-avanzado-con-los-grupos-de-interes","status":"publish","type":"product","link":"https:\/\/projects.grupomainjobs.com\/ca\/producte\/dialogo-avanzado-con-los-grupos-de-interes\/","title":{"rendered":"Di\u00e0leg Avan\u00e7at amb els grups d&#039;inter\u00e8s"},"content":{"rendered":"<p>La construcci\u00f3 d&#039;una <strong>estrat\u00e8gia <\/strong>s\u00f2lida, coherent i ordenada de <strong>Responsabilitat Social Empresarial<\/strong>, ha d&#039;estar basada en el di\u00e0leg amb els grups d&#039;inter\u00e8s.<\/p>\n<p>Els Grups d&#039;Inter\u00e8s, tamb\u00e9 anomenats en angles stakeholders, s\u00f3n qualsevol persona f\u00edsica, jur\u00eddica o col\u00b7lectiu que li interessa o li afecta all\u00f2 que l&#039;organitzaci\u00f3 fa.<\/p>\n<p>Com estableix la definici\u00f3 de Responsabilitat Social, aquesta intenta \u201cintegrar les preocupacions socials, laborals, mediambientals i de respecte als drets humans que sorgeixen de la relaci\u00f3 i el di\u00e0leg transparents amb els grups d&#039;inter\u00e8s\u201d. Per tant, un pas previ ser\u00e0 establir aquest di\u00e0leg, amb la finalitat d&#039;adequar les actuacions i les estrat\u00e8gies que l&#039;organitzaci\u00f3 vulgui desenvolupar, les necessitats i les expectatives dels interessats.<\/p>","protected":false},"excerpt":{"rendered":"<p>La construccion de una estrategia s\u00f3lida, coherente y ordenada de Responsabilidad Social Empresarial, debe estar basada en el d\u00edalogo con los Grupos de Inter\u00e9s. Los Grupos de Inter\u00e9s, tambi\u00e9n llamados [&hellip;]<\/p>","protected":false},"author":9192194,"featured_media":1945,"comment_status":"closed","ping_status":"closed","template":"","meta":{"inline_featured_image":false,"advgb_blocks_editor_width":"","advgb_blocks_columns_visual_guide":""},"categories":[15],"tags":[29,28,26],"product_brand":[],"product_cat":[211],"product_tag":[],"class_list":{"0":"post-98","1":"product","2":"type-product","3":"status-publish","4":"has-post-thumbnail","6":"category-responsabilidad-social","7":"tag-responsabilidad-social-2","8":"tag-sistema","9":"tag-sostenibilidad","10":"product_cat-uncategorized","11":"has-post-video","13":"first","14":"instock","15":"taxable","16":"shipping-taxable","17":"product-type-simple"},"acf":[],"featured_img":"https:\/\/projects.grupomainjobs.com\/wp-content\/uploads\/1997\/06\/1.3-grupos-interes.jpg","coauthors":[],"author_meta":{"author_link":"https:\/\/projects.grupomainjobs.com\/ca\/author\/minfantes\/","display_name":"Comunicaci\u00f3n Mainjobs"},"relative_dates":{"created":"Posted 29 anys ago","modified":"Updated 10 anys ago"},"absolute_dates":{"created":"Posted on juny 2, 1997","modified":"Updated on mar\u00e7 9, 2016"},"absolute_dates_time":{"created":"Posted on juny 2, 1997 12:54","modified":"Updated on mar\u00e7 9, 2016 18:43"},"featured_img_caption":"","tax_additional":{"category":{"linked":["<a href=\"https:\/\/projects.grupomainjobs.com\/ca\/rrhh\/responsabilidad-social\/\" class=\"advgb-post-tax-term\">Responsabilidad Social<\/a>"],"unlinked":["<span class=\"advgb-post-tax-term\">Responsabilidad Social<\/span>"],"slug":"category","name":"Categories"},"post_tag":{"linked":["<a href=\"https:\/\/projects.grupomainjobs.com\/ca\/tag\/responsabilidad-social-2\/\" class=\"advgb-post-tax-term\">responsabilidad social<\/a>","<a href=\"https:\/\/projects.grupomainjobs.com\/ca\/tag\/sistema\/\" class=\"advgb-post-tax-term\">sistema<\/a>","<a href=\"https:\/\/projects.grupomainjobs.com\/ca\/tag\/sostenibilidad\/\" class=\"advgb-post-tax-term\">sostenibilidad<\/a>"],"unlinked":["<span class=\"advgb-post-tax-term\">responsabilidad social<\/span>","<span class=\"advgb-post-tax-term\">sistema<\/span>","<span class=\"advgb-post-tax-term\">sostenibilidad<\/span>"],"slug":"post_tag","name":"Etiquetes"},"product_brand":{"linked":[],"unlinked":[],"slug":"product_brand","name":"Marques"},"product_type":{"linked":["<a href=\"https:\/\/projects.grupomainjobs.com\/ca\/?taxonomy=product_type&#038;term=simple\" class=\"advgb-post-tax-term\">simple<\/a>"],"unlinked":["<span class=\"advgb-post-tax-term\">simple<\/span>"],"slug":"product_type","name":"Tipus de producte"},"product_visibility":{"linked":[],"unlinked":[],"slug":"product_visibility","name":"Visibilitat del producte"},"product_cat":{"linked":["<a href=\"https:\/\/projects.grupomainjobs.com\/ca\/product-category\/uncategorized\/\" class=\"advgb-post-tax-term\">Uncategorized<\/a>"],"unlinked":["<span class=\"advgb-post-tax-term\">Uncategorized<\/span>"],"slug":"product_cat","name":"Categories de productes"},"product_tag":{"linked":[],"unlinked":[],"slug":"product_tag","name":"Etiquetes de producte"},"product_shipping_class":{"linked":[],"unlinked":[],"slug":"product_shipping_class","name":"Classes d&#039;enviament del producte"},"pa_cuota-inicial":{"linked":[],"unlinked":[],"slug":"pa_cuota-inicial","name":"Producte Cuota inicial"},"pa_numero-de-cuotas":{"linked":[],"unlinked":[],"slug":"pa_numero-de-cuotas","name":"Producte N\u00famero de cuotas"}},"series_order":"","_links":{"self":[{"href":"https:\/\/projects.grupomainjobs.com\/ca\/wp-json\/wp\/v2\/product\/98","targetHints":{"allow":["GET"]}}],"collection":[{"href":"https:\/\/projects.grupomainjobs.com\/ca\/wp-json\/wp\/v2\/product"}],"about":[{"href":"https:\/\/projects.grupomainjobs.com\/ca\/wp-json\/wp\/v2\/types\/product"}],"replies":[{"embeddable":true,"href":"https:\/\/projects.grupomainjobs.com\/ca\/wp-json\/wp\/v2\/comments?post=98"}],"wp:featuredmedia":[{"embeddable":true,"href":"https:\/\/projects.grupomainjobs.com\/ca\/wp-json\/wp\/v2\/media\/1945"}],"wp:attachment":[{"href":"https:\/\/projects.grupomainjobs.com\/ca\/wp-json\/wp\/v2\/media?parent=98"}],"wp:term":[{"taxonomy":"category","embeddable":true,"href":"https:\/\/projects.grupomainjobs.com\/ca\/wp-json\/wp\/v2\/categories?post=98"},{"taxonomy":"post_tag","embeddable":true,"href":"https:\/\/projects.grupomainjobs.com\/ca\/wp-json\/wp\/v2\/tags?post=98"},{"taxonomy":"product_brand","embeddable":true,"href":"https:\/\/projects.grupomainjobs.com\/ca\/wp-json\/wp\/v2\/product_brand?post=98"},{"taxonomy":"product_cat","embeddable":true,"href":"https:\/\/projects.grupomainjobs.com\/ca\/wp-json\/wp\/v2\/product_cat?post=98"},{"taxonomy":"product_tag","embeddable":true,"href":"https:\/\/projects.grupomainjobs.com\/ca\/wp-json\/wp\/v2\/product_tag?post=98"}],"curies":[{"name":"wp","href":"https:\/\/api.w.org\/{rel}","templated":true}]}}