
{"id":94,"date":"1997-06-02T12:35:20","date_gmt":"1997-06-02T11:35:20","guid":{"rendered":"https:\/\/projects.grupomainjobs.com\/?p=94"},"modified":"2016-03-09T21:13:41","modified_gmt":"2016-03-09T20:13:41","slug":"codigos-eticos-y-de-conducta","status":"publish","type":"product","link":"https:\/\/projects.grupomainjobs.com\/ca\/producte\/codigos-eticos-y-de-conducta\/","title":{"rendered":"Codis \u00e8tics i de conducta"},"content":{"rendered":"<p>Un <strong>Codi \u00c8tic<\/strong> \u00e9s un document que recull els comportaments i els compromisos que adquireix l&#039;organitzaci\u00f3 en relaci\u00f3 amb els grups d&#039;inter\u00e8s i els principals impactes i riscos rellevants.<\/p>\n<p>Un <strong>Codi de Conducta<\/strong> \u00e9s un document que recull els comportaments i els compromisos que l&#039;organitzaci\u00f3 espera de les persones que hi treballen i hi col\u00b7laboren, en relaci\u00f3 amb els grups d&#039;inter\u00e8s i els impactes i riscos rellevants.<\/p>","protected":false},"excerpt":{"rendered":"<p>Un C\u00f3digo \u00c9tico es un documento que recoge los comportamientos y compromisos que adquiere la organizaci\u00f3n en relaci\u00f3n a sus grupos de inter\u00e9s y sus principales impactos y riesgos relevantes. [&hellip;]<\/p>","protected":false},"author":9192194,"featured_media":1943,"comment_status":"closed","ping_status":"closed","template":"","meta":{"inline_featured_image":false,"advgb_blocks_editor_width":"","advgb_blocks_columns_visual_guide":""},"categories":[15],"tags":[29],"product_brand":[],"product_cat":[211],"product_tag":[],"class_list":{"0":"post-94","1":"product","2":"type-product","3":"status-publish","4":"has-post-thumbnail","6":"category-responsabilidad-social","7":"tag-responsabilidad-social-2","8":"product_cat-uncategorized","9":"has-post-video","11":"first","12":"instock","13":"taxable","14":"shipping-taxable","15":"product-type-simple"},"acf":[],"featured_img":"https:\/\/projects.grupomainjobs.com\/wp-content\/uploads\/1997\/06\/1.1.-codigo-etico.jpg","coauthors":[],"author_meta":{"author_link":"https:\/\/projects.grupomainjobs.com\/ca\/author\/minfantes\/","display_name":"Comunicaci\u00f3n Mainjobs"},"relative_dates":{"created":"Posted 29 anys ago","modified":"Updated 10 anys ago"},"absolute_dates":{"created":"Posted on juny 2, 1997","modified":"Updated on mar\u00e7 9, 2016"},"absolute_dates_time":{"created":"Posted on juny 2, 1997 12:35","modified":"Updated on mar\u00e7 9, 2016 21:13"},"featured_img_caption":"","tax_additional":{"category":{"linked":["<a href=\"https:\/\/projects.grupomainjobs.com\/ca\/rrhh\/responsabilidad-social\/\" class=\"advgb-post-tax-term\">Responsabilidad Social<\/a>"],"unlinked":["<span class=\"advgb-post-tax-term\">Responsabilidad Social<\/span>"],"slug":"category","name":"Categories"},"post_tag":{"linked":["<a href=\"https:\/\/projects.grupomainjobs.com\/ca\/tag\/responsabilidad-social-2\/\" class=\"advgb-post-tax-term\">responsabilidad social<\/a>"],"unlinked":["<span class=\"advgb-post-tax-term\">responsabilidad social<\/span>"],"slug":"post_tag","name":"Etiquetes"},"product_brand":{"linked":[],"unlinked":[],"slug":"product_brand","name":"Marques"},"product_type":{"linked":["<a href=\"https:\/\/projects.grupomainjobs.com\/ca\/?taxonomy=product_type&#038;term=simple\" class=\"advgb-post-tax-term\">simple<\/a>"],"unlinked":["<span class=\"advgb-post-tax-term\">simple<\/span>"],"slug":"product_type","name":"Tipus de producte"},"product_visibility":{"linked":[],"unlinked":[],"slug":"product_visibility","name":"Visibilitat del producte"},"product_cat":{"linked":["<a href=\"https:\/\/projects.grupomainjobs.com\/ca\/product-category\/uncategorized\/\" class=\"advgb-post-tax-term\">Uncategorized<\/a>"],"unlinked":["<span class=\"advgb-post-tax-term\">Uncategorized<\/span>"],"slug":"product_cat","name":"Categories de productes"},"product_tag":{"linked":[],"unlinked":[],"slug":"product_tag","name":"Etiquetes de producte"},"product_shipping_class":{"linked":[],"unlinked":[],"slug":"product_shipping_class","name":"Classes d&#039;enviament del producte"},"pa_cuota-inicial":{"linked":[],"unlinked":[],"slug":"pa_cuota-inicial","name":"Producte Cuota inicial"},"pa_numero-de-cuotas":{"linked":[],"unlinked":[],"slug":"pa_numero-de-cuotas","name":"Producte N\u00famero de cuotas"}},"series_order":"","_links":{"self":[{"href":"https:\/\/projects.grupomainjobs.com\/ca\/wp-json\/wp\/v2\/product\/94","targetHints":{"allow":["GET"]}}],"collection":[{"href":"https:\/\/projects.grupomainjobs.com\/ca\/wp-json\/wp\/v2\/product"}],"about":[{"href":"https:\/\/projects.grupomainjobs.com\/ca\/wp-json\/wp\/v2\/types\/product"}],"replies":[{"embeddable":true,"href":"https:\/\/projects.grupomainjobs.com\/ca\/wp-json\/wp\/v2\/comments?post=94"}],"wp:featuredmedia":[{"embeddable":true,"href":"https:\/\/projects.grupomainjobs.com\/ca\/wp-json\/wp\/v2\/media\/1943"}],"wp:attachment":[{"href":"https:\/\/projects.grupomainjobs.com\/ca\/wp-json\/wp\/v2\/media?parent=94"}],"wp:term":[{"taxonomy":"category","embeddable":true,"href":"https:\/\/projects.grupomainjobs.com\/ca\/wp-json\/wp\/v2\/categories?post=94"},{"taxonomy":"post_tag","embeddable":true,"href":"https:\/\/projects.grupomainjobs.com\/ca\/wp-json\/wp\/v2\/tags?post=94"},{"taxonomy":"product_brand","embeddable":true,"href":"https:\/\/projects.grupomainjobs.com\/ca\/wp-json\/wp\/v2\/product_brand?post=94"},{"taxonomy":"product_cat","embeddable":true,"href":"https:\/\/projects.grupomainjobs.com\/ca\/wp-json\/wp\/v2\/product_cat?post=94"},{"taxonomy":"product_tag","embeddable":true,"href":"https:\/\/projects.grupomainjobs.com\/ca\/wp-json\/wp\/v2\/product_tag?post=94"}],"curies":[{"name":"wp","href":"https:\/\/api.w.org\/{rel}","templated":true}]}}