
{"id":267,"date":"2005-06-20T12:34:55","date_gmt":"2005-06-20T11:34:55","guid":{"rendered":"https:\/\/projects.grupomainjobs.com\/?p=267"},"modified":"2016-03-09T21:03:12","modified_gmt":"2016-03-09T20:03:12","slug":"identificacion-del-potencial-de-las-personas","status":"publish","type":"product","link":"https:\/\/projects.grupomainjobs.com\/ca\/producte\/identificacion-del-potencial-de-las-personas\/","title":{"rendered":"Identificaci\u00f3 del potencial de les persones"},"content":{"rendered":"<p>Quan parlem d&#039;Identificaci\u00f3 del Potencial dels Treballadors, ens centrem a abordar el futur; aix\u00f2 \u00e9s, en all\u00f2 que la persona pot arribar a <strong>fer<\/strong> o \u00e9sser dins de l&#039;organitzaci\u00f3 empresarial. Quan l&#039;empresa duu a terme una gesti\u00f3 integrada dels recursos humans, plantejar el concepte d&#039;identificaci\u00f3 del <strong>potencial,<\/strong> suposa introduir un element fonamental que fa possible la <strong>planificaci\u00f3<\/strong> de carreres professionals, cosa que es converteix en una rendible inversi\u00f3 per a l&#039;empresa.<\/p>","protected":false},"excerpt":{"rendered":"<p>Al hablar de Identificaci\u00f3n del Potencial de los Trabajadores, nos centramos en abordar el futuro; esto es, en lo que la persona puede llegar a hacer o ser dentro de [&hellip;]<\/p>","protected":false},"author":9192194,"featured_media":0,"comment_status":"closed","ping_status":"closed","template":"","meta":{"inline_featured_image":false,"advgb_blocks_editor_width":"","advgb_blocks_columns_visual_guide":""},"categories":[18],"tags":[31,35,34],"product_brand":[],"product_cat":[211],"product_tag":[],"class_list":{"0":"post-267","1":"product","2":"type-product","3":"status-publish","5":"category-desarrollo-y-capacitacion-rrhh","6":"tag-estrategia","7":"tag-personal","8":"tag-plan","9":"product_cat-uncategorized","10":"has-post-video","12":"first","13":"instock","14":"taxable","15":"shipping-taxable","16":"product-type-simple"},"acf":[],"featured_img":false,"coauthors":[],"author_meta":{"author_link":"https:\/\/projects.grupomainjobs.com\/ca\/author\/minfantes\/","display_name":"Comunicaci\u00f3n Mainjobs"},"relative_dates":{"created":"Posted 21 anys ago","modified":"Updated 10 anys ago"},"absolute_dates":{"created":"Posted on juny 20, 2005","modified":"Updated on mar\u00e7 9, 2016"},"absolute_dates_time":{"created":"Posted on juny 20, 2005 12:34","modified":"Updated on mar\u00e7 9, 2016 21:03"},"featured_img_caption":"","tax_additional":{"category":{"linked":["<a href=\"https:\/\/projects.grupomainjobs.com\/ca\/rrhh\/desarrollo-y-capacitacion-rrhh\/\" class=\"advgb-post-tax-term\">Desarrollo y Capacitaci\u00f3n<\/a>"],"unlinked":["<span class=\"advgb-post-tax-term\">Desarrollo y Capacitaci\u00f3n<\/span>"],"slug":"category","name":"Categories"},"post_tag":{"linked":["<a href=\"https:\/\/projects.grupomainjobs.com\/ca\/tag\/estrategia\/\" class=\"advgb-post-tax-term\">estrat\u00e9gia<\/a>","<a href=\"https:\/\/projects.grupomainjobs.com\/ca\/tag\/personal\/\" class=\"advgb-post-tax-term\">personal<\/a>","<a href=\"https:\/\/projects.grupomainjobs.com\/ca\/tag\/plan\/\" class=\"advgb-post-tax-term\">plan<\/a>"],"unlinked":["<span class=\"advgb-post-tax-term\">estrat\u00e9gia<\/span>","<span class=\"advgb-post-tax-term\">personal<\/span>","<span class=\"advgb-post-tax-term\">plan<\/span>"],"slug":"post_tag","name":"Etiquetes"},"product_brand":{"linked":[],"unlinked":[],"slug":"product_brand","name":"Marques"},"product_type":{"linked":["<a href=\"https:\/\/projects.grupomainjobs.com\/ca\/?taxonomy=product_type&#038;term=simple\" class=\"advgb-post-tax-term\">simple<\/a>"],"unlinked":["<span class=\"advgb-post-tax-term\">simple<\/span>"],"slug":"product_type","name":"Tipus de producte"},"product_visibility":{"linked":[],"unlinked":[],"slug":"product_visibility","name":"Visibilitat del producte"},"product_cat":{"linked":["<a href=\"https:\/\/projects.grupomainjobs.com\/ca\/product-category\/uncategorized\/\" class=\"advgb-post-tax-term\">Uncategorized<\/a>"],"unlinked":["<span class=\"advgb-post-tax-term\">Uncategorized<\/span>"],"slug":"product_cat","name":"Categories de productes"},"product_tag":{"linked":[],"unlinked":[],"slug":"product_tag","name":"Etiquetes de producte"},"product_shipping_class":{"linked":[],"unlinked":[],"slug":"product_shipping_class","name":"Classes d&#039;enviament del producte"},"pa_cuota-inicial":{"linked":[],"unlinked":[],"slug":"pa_cuota-inicial","name":"Producte Cuota inicial"},"pa_numero-de-cuotas":{"linked":[],"unlinked":[],"slug":"pa_numero-de-cuotas","name":"Producte N\u00famero de cuotas"}},"series_order":"","_links":{"self":[{"href":"https:\/\/projects.grupomainjobs.com\/ca\/wp-json\/wp\/v2\/product\/267","targetHints":{"allow":["GET"]}}],"collection":[{"href":"https:\/\/projects.grupomainjobs.com\/ca\/wp-json\/wp\/v2\/product"}],"about":[{"href":"https:\/\/projects.grupomainjobs.com\/ca\/wp-json\/wp\/v2\/types\/product"}],"replies":[{"embeddable":true,"href":"https:\/\/projects.grupomainjobs.com\/ca\/wp-json\/wp\/v2\/comments?post=267"}],"wp:attachment":[{"href":"https:\/\/projects.grupomainjobs.com\/ca\/wp-json\/wp\/v2\/media?parent=267"}],"wp:term":[{"taxonomy":"category","embeddable":true,"href":"https:\/\/projects.grupomainjobs.com\/ca\/wp-json\/wp\/v2\/categories?post=267"},{"taxonomy":"post_tag","embeddable":true,"href":"https:\/\/projects.grupomainjobs.com\/ca\/wp-json\/wp\/v2\/tags?post=267"},{"taxonomy":"product_brand","embeddable":true,"href":"https:\/\/projects.grupomainjobs.com\/ca\/wp-json\/wp\/v2\/product_brand?post=267"},{"taxonomy":"product_cat","embeddable":true,"href":"https:\/\/projects.grupomainjobs.com\/ca\/wp-json\/wp\/v2\/product_cat?post=267"},{"taxonomy":"product_tag","embeddable":true,"href":"https:\/\/projects.grupomainjobs.com\/ca\/wp-json\/wp\/v2\/product_tag?post=267"}],"curies":[{"name":"wp","href":"https:\/\/api.w.org\/{rel}","templated":true}]}}