
{"id":190,"date":"2007-06-11T12:42:42","date_gmt":"2007-06-11T11:42:42","guid":{"rendered":"https:\/\/projects.grupomainjobs.com\/?p=190"},"modified":"2016-03-09T18:14:35","modified_gmt":"2016-03-09T17:14:35","slug":"seleccion-de-personal","status":"publish","type":"product","link":"https:\/\/projects.grupomainjobs.com\/ca\/producte\/seleccion-de-personal\/","title":{"rendered":"Selecci\u00f3 de personal"},"content":{"rendered":"<p>Avui ja ning\u00fa no dubta de la <strong>import\u00e0ncia<\/strong> que tenen les Persones en la consecuci\u00f3 dels objectius de l&#039;Empresa. <strong>aptes<\/strong> per al lloc m\u00e9s adequat, en el moment oport\u00fa.<\/p>\n<p>&nbsp;<\/p>\n<p>&nbsp;<\/p>\n<p><!-- [if gte mso 9]><xml>\n<o:officedocumentsettings>\n<o:relyonvml><\/o:relyonvml>\n<o:allowpng><\/o:allowpng>\n<\/o:officedocumentsettings>\n<\/xml>< ![endif]--><\/p>\n<p><!-- [if gte mso 9]><xml>\n<w:worddocument>\n<w:view>Normal<\/w:view>\n<w:zoom>0<\/w:zoom>\n<w:trackmoves><\/w:trackmoves>\n<w:trackformatting><\/w:trackformatting>\n<w:hyphenationzone>21<\/w:hyphenationzone>\n<w:punctuationkerning><\/w:punctuationkerning>\n<w:validateagainstschemas><\/w:validateagainstschemas>\n<w:saveifxmlinvalid>false<\/w:saveifxmlinvalid>\n<w:ignoremixedcontent>false<\/w:ignoremixedcontent>\n<w:alwaysshowplaceholdertext>false<\/w:alwaysshowplaceholdertext>\n<w:donotpromoteqf><\/w:donotpromoteqf>\n<w:lidthemeother>ES<\/w:lidthemeother>\n<w:lidthemeasian>X-NONE<\/w:lidthemeasian>\n<w:lidthemecomplexscript>X-NONE<\/w:lidthemecomplexscript>\n<w:compatibility>\n<w:breakwrappedtables><\/w:breakwrappedtables>\n<w:snaptogridincell><\/w:snaptogridincell>\n<w:wraptextwithpunct><\/w:wraptextwithpunct>\n<w:useasianbreakrules><\/w:useasianbreakrules>\n<w:dontgrowautofit><\/w:dontgrowautofit>\n<w:splitpgbreakandparamark><\/w:splitpgbreakandparamark>\n<w:dontvertaligncellwithsp><\/w:dontvertaligncellwithsp>\n<w:dontbreakconstrainedforcedtables><\/w:dontbreakconstrainedforcedtables>\n<w:dontvertalignintxbx><\/w:dontvertalignintxbx>\n<w:word11kerningpairs><\/w:word11kerningpairs>\n<w:cachedcolbalance><\/w:cachedcolbalance>\n<\/w:compatibility>\n<m:mathpr>\n<m:mathfont m:val=\"Cambria Math\"><\/m:mathfont>\n<m:brkbin m:val=\"before\"><\/m:brkbin>\n<m:brkbinsub m:val=\"--\"><\/m:brkbinsub>\n<m:smallfrac m:val=\"off\"><\/m:smallfrac>\n<m:dispdef><\/m:dispdef>\n<m:lmargin m:val=\"0\"><\/m:lmargin>\n<m:rmargin m:val=\"0\"><\/m:rmargin>\n<m:defjc m:val=\"centerGroup\"><\/m:defjc>\n<m:wrapindent m:val=\"1440\"><\/m:wrapindent>\n<m:intlim m:val=\"subSup\"><\/m:intlim>\n<m:narylim m:val=\"undOvr\"><\/m:narylim>\n<\/m:mathpr><\/w:worddocument>\n<\/xml>< ![endif]--><!-- [if gte mso 9]><xml>\n<w:latentstyles DefLockedState=\"false\" DefUnhideWhenUsed=\"true\" DefSemiHidden=\"true\" DefQFormat=\"false\" DefPriority=\"99\" LatentStyleCount=\"267\">\n<w:lsdexception Locked=\"false\" Priority=\"0\" SemiHidden=\"false\" UnhideWhenUsed=\"false\" QFormat=\"true\" Name=\"Normal\"><\/w:lsdexception>\n<w:lsdexception Locked=\"false\" Priority=\"9\" SemiHidden=\"false\" UnhideWhenUsed=\"false\" QFormat=\"true\" Name=\"heading 1\"><\/w:lsdexception>\n<w:lsdexception Locked=\"false\" Priority=\"9\" QFormat=\"true\" Name=\"heading 2\"><\/w:lsdexception>\n<w:lsdexception Locked=\"false\" Priority=\"9\" QFormat=\"true\" Name=\"heading 3\"><\/w:lsdexception>\n<w:lsdexception Locked=\"false\" Priority=\"9\" QFormat=\"true\" Name=\"heading 4\"><\/w:lsdexception>\n<w:lsdexception Locked=\"false\" Priority=\"9\" QFormat=\"true\" Name=\"heading 5\"><\/w:lsdexception>\n<w:lsdexception Locked=\"false\" Priority=\"9\" QFormat=\"true\" Name=\"heading 6\"><\/w:lsdexception>\n<w:lsdexception Locked=\"false\" Priority=\"9\" QFormat=\"true\" Name=\"heading 7\"><\/w:lsdexception>\n<w:lsdexception Locked=\"false\" Priority=\"9\" QFormat=\"true\" Name=\"heading 8\"><\/w:lsdexception>\n<w:lsdexception Locked=\"false\" Priority=\"9\" QFormat=\"true\" Name=\"heading 9\"><\/w:lsdexception>\n<w:lsdexception Locked=\"false\" Priority=\"39\" Name=\"toc 1\"><\/w:lsdexception>\n<w:lsdexception Locked=\"false\" Priority=\"39\" Name=\"toc 2\"><\/w:lsdexception>\n<w:lsdexception Locked=\"false\" Priority=\"39\" Name=\"toc 3\"><\/w:lsdexception>\n<w:lsdexception Locked=\"false\" Priority=\"39\" Name=\"toc 4\"><\/w:lsdexception>\n<w:lsdexception Locked=\"false\" Priority=\"39\" Name=\"toc 5\"><\/w:lsdexception>\n<w:lsdexception Locked=\"false\" Priority=\"39\" Name=\"toc 6\"><\/w:lsdexception>\n<w:lsdexception Locked=\"false\" Priority=\"39\" Name=\"toc 7\"><\/w:lsdexception>\n<w:lsdexception Locked=\"false\" Priority=\"39\" Name=\"toc 8\"><\/w:lsdexception>\n<w:lsdexception Locked=\"false\" Priority=\"39\" Name=\"toc 9\"><\/w:lsdexception>\n<w:lsdexception Locked=\"false\" Priority=\"35\" QFormat=\"true\" Name=\"caption\"><\/w:lsdexception>\n<w:lsdexception Locked=\"false\" Priority=\"10\" SemiHidden=\"false\" UnhideWhenUsed=\"false\" QFormat=\"true\" Name=\"Title\"><\/w:lsdexception>\n<w:lsdexception Locked=\"false\" Priority=\"1\" Name=\"Default Paragraph Font\"><\/w:lsdexception>\n<w:lsdexception Locked=\"false\" Priority=\"11\" SemiHidden=\"false\" UnhideWhenUsed=\"false\" QFormat=\"true\" Name=\"Subtitle\"><\/w:lsdexception>\n<w:lsdexception Locked=\"false\" Priority=\"22\" SemiHidden=\"false\" UnhideWhenUsed=\"false\" QFormat=\"true\" Name=\"Strong\"><\/w:lsdexception>\n<w:lsdexception Locked=\"false\" Priority=\"20\" SemiHidden=\"false\" UnhideWhenUsed=\"false\" QFormat=\"true\" Name=\"Emphasis\"><\/w:lsdexception>\n<w:lsdexception Locked=\"false\" Priority=\"59\" SemiHidden=\"false\" UnhideWhenUsed=\"false\" Name=\"Table Grid\"><\/w:lsdexception>\n<w:lsdexception Locked=\"false\" UnhideWhenUsed=\"false\" Name=\"Placeholder Text\"><\/w:lsdexception>\n<w:lsdexception Locked=\"false\" Priority=\"1\" SemiHidden=\"false\" UnhideWhenUsed=\"false\" QFormat=\"true\" Name=\"No Spacing\"><\/w:lsdexception>\n<w:lsdexception Locked=\"false\" Priority=\"60\" SemiHidden=\"false\" UnhideWhenUsed=\"false\" Name=\"Light Shading\"><\/w:lsdexception>\n<w:lsdexception Locked=\"false\" Priority=\"61\" SemiHidden=\"false\" UnhideWhenUsed=\"false\" Name=\"Light List\"><\/w:lsdexception>\n<w:lsdexception Locked=\"false\" Priority=\"62\" SemiHidden=\"false\" UnhideWhenUsed=\"false\" Name=\"Light Grid\"><\/w:lsdexception>\n<w:lsdexception Locked=\"false\" Priority=\"63\" SemiHidden=\"false\" UnhideWhenUsed=\"false\" Name=\"Medium Shading 1\"><\/w:lsdexception>\n<w:lsdexception Locked=\"false\" Priority=\"64\" SemiHidden=\"false\" UnhideWhenUsed=\"false\" Name=\"Medium Shading 2\"><\/w:lsdexception>\n<w:lsdexception Locked=\"false\" Priority=\"65\" SemiHidden=\"false\" UnhideWhenUsed=\"false\" Name=\"Medium List 1\"><\/w:lsdexception>\n<w:lsdexception Locked=\"false\" Priority=\"66\" SemiHidden=\"false\" UnhideWhenUsed=\"false\" Name=\"Medium List 2\"><\/w:lsdexception>\n<w:lsdexception Locked=\"false\" Priority=\"67\" SemiHidden=\"false\" UnhideWhenUsed=\"false\" Name=\"Medium Grid 1\"><\/w:lsdexception>\n<w:lsdexception Locked=\"false\" Priority=\"68\" SemiHidden=\"false\" UnhideWhenUsed=\"false\" Name=\"Medium Grid 2\"><\/w:lsdexception>\n<w:lsdexception Locked=\"false\" Priority=\"69\" SemiHidden=\"false\" UnhideWhenUsed=\"false\" Name=\"Medium Grid 3\"><\/w:lsdexception>\n<w:lsdexception Locked=\"false\" Priority=\"70\" SemiHidden=\"false\" UnhideWhenUsed=\"false\" Name=\"Dark List\"><\/w:lsdexception>\n<w:lsdexception Locked=\"false\" Priority=\"71\" SemiHidden=\"false\" UnhideWhenUsed=\"false\" Name=\"Colorful Shading\"><\/w:lsdexception>\n<w:lsdexception Locked=\"false\" Priority=\"72\" SemiHidden=\"false\" UnhideWhenUsed=\"false\" Name=\"Colorful List\"><\/w:lsdexception>\n<w:lsdexception Locked=\"false\" Priority=\"73\" SemiHidden=\"false\" UnhideWhenUsed=\"false\" Name=\"Colorful Grid\"><\/w:lsdexception>\n<w:lsdexception Locked=\"false\" Priority=\"60\" SemiHidden=\"false\" UnhideWhenUsed=\"false\" Name=\"Light Shading Accent 1\"><\/w:lsdexception>\n<w:lsdexception Locked=\"false\" Priority=\"61\" SemiHidden=\"false\" UnhideWhenUsed=\"false\" Name=\"Light List Accent 1\"><\/w:lsdexception>\n<w:lsdexception Locked=\"false\" Priority=\"62\" SemiHidden=\"false\" UnhideWhenUsed=\"false\" Name=\"Light Grid Accent 1\"><\/w:lsdexception>\n<w:lsdexception Locked=\"false\" Priority=\"63\" SemiHidden=\"false\" UnhideWhenUsed=\"false\" Name=\"Medium Shading 1 Accent 1\"><\/w:lsdexception>\n<w:lsdexception Locked=\"false\" Priority=\"64\" SemiHidden=\"false\" UnhideWhenUsed=\"false\" Name=\"Medium Shading 2 Accent 1\"><\/w:lsdexception>\n<w:lsdexception Locked=\"false\" Priority=\"65\" SemiHidden=\"false\" UnhideWhenUsed=\"false\" Name=\"Medium List 1 Accent 1\"><\/w:lsdexception>\n<w:lsdexception Locked=\"false\" UnhideWhenUsed=\"false\" Name=\"Revision\"><\/w:lsdexception>\n<w:lsdexception Locked=\"false\" Priority=\"34\" SemiHidden=\"false\" UnhideWhenUsed=\"false\" QFormat=\"true\" Name=\"List Paragraph\"><\/w:lsdexception>\n<w:lsdexception Locked=\"false\" Priority=\"29\" SemiHidden=\"false\" UnhideWhenUsed=\"false\" QFormat=\"true\" Name=\"Quote\"><\/w:lsdexception>\n<w:lsdexception Locked=\"false\" Priority=\"30\" SemiHidden=\"false\" UnhideWhenUsed=\"false\" QFormat=\"true\" Name=\"Intense Quote\"><\/w:lsdexception>\n<w:lsdexception Locked=\"false\" Priority=\"66\" SemiHidden=\"false\" UnhideWhenUsed=\"false\" Name=\"Medium List 2 Accent 1\"><\/w:lsdexception>\n<w:lsdexception Locked=\"false\" Priority=\"67\" SemiHidden=\"false\" UnhideWhenUsed=\"false\" Name=\"Medium Grid 1 Accent 1\"><\/w:lsdexception>\n<w:lsdexception Locked=\"false\" Priority=\"68\" SemiHidden=\"false\" UnhideWhenUsed=\"false\" Name=\"Medium Grid 2 Accent 1\"><\/w:lsdexception>\n<w:lsdexception Locked=\"false\" Priority=\"69\" SemiHidden=\"false\" UnhideWhenUsed=\"false\" Name=\"Medium Grid 3 Accent 1\"><\/w:lsdexception>\n<w:lsdexception Locked=\"false\" Priority=\"70\" SemiHidden=\"false\" UnhideWhenUsed=\"false\" Name=\"Dark List Accent 1\"><\/w:lsdexception>\n<w:lsdexception Locked=\"false\" Priority=\"71\" SemiHidden=\"false\" UnhideWhenUsed=\"false\" Name=\"Colorful Shading Accent 1\"><\/w:lsdexception>\n<w:lsdexception Locked=\"false\" Priority=\"72\" SemiHidden=\"false\" UnhideWhenUsed=\"false\" Name=\"Colorful List Accent 1\"><\/w:lsdexception>\n<w:lsdexception Locked=\"false\" Priority=\"73\" SemiHidden=\"false\" UnhideWhenUsed=\"false\" Name=\"Colorful Grid Accent 1\"><\/w:lsdexception>\n<w:lsdexception Locked=\"false\" Priority=\"60\" SemiHidden=\"false\" UnhideWhenUsed=\"false\" Name=\"Light Shading Accent 2\"><\/w:lsdexception>\n<w:lsdexception Locked=\"false\" Priority=\"61\" SemiHidden=\"false\" UnhideWhenUsed=\"false\" Name=\"Light List Accent 2\"><\/w:lsdexception>\n<w:lsdexception Locked=\"false\" Priority=\"62\" SemiHidden=\"false\" UnhideWhenUsed=\"false\" Name=\"Light Grid Accent 2\"><\/w:lsdexception>\n<w:lsdexception Locked=\"false\" Priority=\"63\" SemiHidden=\"false\" UnhideWhenUsed=\"false\" Name=\"Medium Shading 1 Accent 2\"><\/w:lsdexception>\n<w:lsdexception Locked=\"false\" Priority=\"64\" SemiHidden=\"false\" UnhideWhenUsed=\"false\" Name=\"Medium Shading 2 Accent 2\"><\/w:lsdexception>\n<w:lsdexception Locked=\"false\" Priority=\"65\" SemiHidden=\"false\" UnhideWhenUsed=\"false\" Name=\"Medium List 1 Accent 2\"><\/w:lsdexception>\n<w:lsdexception Locked=\"false\" Priority=\"66\" SemiHidden=\"false\" UnhideWhenUsed=\"false\" Name=\"Medium List 2 Accent 2\"><\/w:lsdexception>\n<w:lsdexception Locked=\"false\" Priority=\"67\" SemiHidden=\"false\" UnhideWhenUsed=\"false\" Name=\"Medium Grid 1 Accent 2\"><\/w:lsdexception>\n<w:lsdexception Locked=\"false\" Priority=\"68\" SemiHidden=\"false\" UnhideWhenUsed=\"false\" Name=\"Medium Grid 2 Accent 2\"><\/w:lsdexception>\n<w:lsdexception Locked=\"false\" Priority=\"69\" SemiHidden=\"false\" UnhideWhenUsed=\"false\" Name=\"Medium Grid 3 Accent 2\"><\/w:lsdexception>\n<w:lsdexception Locked=\"false\" Priority=\"70\" SemiHidden=\"false\" UnhideWhenUsed=\"false\" Name=\"Dark List Accent 2\"><\/w:lsdexception>\n<w:lsdexception Locked=\"false\" Priority=\"71\" SemiHidden=\"false\" UnhideWhenUsed=\"false\" Name=\"Colorful Shading Accent 2\"><\/w:lsdexception>\n<w:lsdexception Locked=\"false\" Priority=\"72\" SemiHidden=\"false\" UnhideWhenUsed=\"false\" Name=\"Colorful List Accent 2\"><\/w:lsdexception>\n<w:lsdexception Locked=\"false\" Priority=\"73\" SemiHidden=\"false\" UnhideWhenUsed=\"false\" Name=\"Colorful Grid Accent 2\"><\/w:lsdexception>\n<w:lsdexception Locked=\"false\" Priority=\"60\" SemiHidden=\"false\" UnhideWhenUsed=\"false\" Name=\"Light Shading Accent 3\"><\/w:lsdexception>\n<w:lsdexception Locked=\"false\" Priority=\"61\" SemiHidden=\"false\" UnhideWhenUsed=\"false\" Name=\"Light List Accent 3\"><\/w:lsdexception>\n<w:lsdexception Locked=\"false\" Priority=\"62\" SemiHidden=\"false\" UnhideWhenUsed=\"false\" Name=\"Light Grid Accent 3\"><\/w:lsdexception>\n<w:lsdexception Locked=\"false\" Priority=\"63\" SemiHidden=\"false\" UnhideWhenUsed=\"false\" Name=\"Medium Shading 1 Accent 3\"><\/w:lsdexception>\n<w:lsdexception Locked=\"false\" Priority=\"64\" SemiHidden=\"false\" UnhideWhenUsed=\"false\" Name=\"Medium Shading 2 Accent 3\"><\/w:lsdexception>\n<w:lsdexception Locked=\"false\" Priority=\"65\" SemiHidden=\"false\" UnhideWhenUsed=\"false\" Name=\"Medium List 1 Accent 3\"><\/w:lsdexception>\n<w:lsdexception Locked=\"false\" Priority=\"66\" SemiHidden=\"false\" UnhideWhenUsed=\"false\" Name=\"Medium List 2 Accent 3\"><\/w:lsdexception>\n<w:lsdexception Locked=\"false\" Priority=\"67\" SemiHidden=\"false\" UnhideWhenUsed=\"false\" Name=\"Medium Grid 1 Accent 3\"><\/w:lsdexception>\n<w:lsdexception Locked=\"false\" Priority=\"68\" SemiHidden=\"false\" UnhideWhenUsed=\"false\" Name=\"Medium Grid 2 Accent 3\"><\/w:lsdexception>\n<w:lsdexception Locked=\"false\" Priority=\"69\" SemiHidden=\"false\" UnhideWhenUsed=\"false\" Name=\"Medium Grid 3 Accent 3\"><\/w:lsdexception>\n<w:lsdexception Locked=\"false\" Priority=\"70\" SemiHidden=\"false\" UnhideWhenUsed=\"false\" Name=\"Dark List Accent 3\"><\/w:lsdexception>\n<w:lsdexception Locked=\"false\" Priority=\"71\" SemiHidden=\"false\" UnhideWhenUsed=\"false\" Name=\"Colorful Shading Accent 3\"><\/w:lsdexception>\n<w:lsdexception Locked=\"false\" Priority=\"72\" SemiHidden=\"false\" UnhideWhenUsed=\"false\" Name=\"Colorful List Accent 3\"><\/w:lsdexception>\n<w:lsdexception Locked=\"false\" Priority=\"73\" SemiHidden=\"false\" UnhideWhenUsed=\"false\" Name=\"Colorful Grid Accent 3\"><\/w:lsdexception>\n<w:lsdexception Locked=\"false\" Priority=\"60\" SemiHidden=\"false\" UnhideWhenUsed=\"false\" Name=\"Light Shading Accent 4\"><\/w:lsdexception>\n<w:lsdexception Locked=\"false\" Priority=\"61\" SemiHidden=\"false\" UnhideWhenUsed=\"false\" Name=\"Light List Accent 4\"><\/w:lsdexception>\n<w:lsdexception Locked=\"false\" Priority=\"62\" SemiHidden=\"false\" UnhideWhenUsed=\"false\" Name=\"Light Grid Accent 4\"><\/w:lsdexception>\n<w:lsdexception Locked=\"false\" Priority=\"63\" SemiHidden=\"false\" UnhideWhenUsed=\"false\" Name=\"Medium Shading 1 Accent 4\"><\/w:lsdexception>\n<w:lsdexception Locked=\"false\" Priority=\"64\" SemiHidden=\"false\" UnhideWhenUsed=\"false\" Name=\"Medium Shading 2 Accent 4\"><\/w:lsdexception>\n<w:lsdexception Locked=\"false\" Priority=\"65\" SemiHidden=\"false\" UnhideWhenUsed=\"false\" Name=\"Medium List 1 Accent 4\"><\/w:lsdexception>\n<w:lsdexception Locked=\"false\" Priority=\"66\" SemiHidden=\"false\" UnhideWhenUsed=\"false\" Name=\"Medium List 2 Accent 4\"><\/w:lsdexception>\n<w:lsdexception Locked=\"false\" Priority=\"67\" SemiHidden=\"false\" UnhideWhenUsed=\"false\" Name=\"Medium Grid 1 Accent 4\"><\/w:lsdexception>\n<w:lsdexception Locked=\"false\" Priority=\"68\" SemiHidden=\"false\" UnhideWhenUsed=\"false\" Name=\"Medium Grid 2 Accent 4\"><\/w:lsdexception>\n<w:lsdexception Locked=\"false\" Priority=\"69\" SemiHidden=\"false\" UnhideWhenUsed=\"false\" Name=\"Medium Grid 3 Accent 4\"><\/w:lsdexception>\n<w:lsdexception Locked=\"false\" Priority=\"70\" SemiHidden=\"false\" UnhideWhenUsed=\"false\" Name=\"Dark List Accent 4\"><\/w:lsdexception>\n<w:lsdexception Locked=\"false\" Priority=\"71\" SemiHidden=\"false\" UnhideWhenUsed=\"false\" Name=\"Colorful Shading Accent 4\"><\/w:lsdexception>\n<w:lsdexception Locked=\"false\" Priority=\"72\" SemiHidden=\"false\" UnhideWhenUsed=\"false\" Name=\"Colorful List Accent 4\"><\/w:lsdexception>\n<w:lsdexception Locked=\"false\" Priority=\"73\" SemiHidden=\"false\" UnhideWhenUsed=\"false\" Name=\"Colorful Grid Accent 4\"><\/w:lsdexception>\n<w:lsdexception Locked=\"false\" Priority=\"60\" SemiHidden=\"false\" UnhideWhenUsed=\"false\" Name=\"Light Shading Accent 5\"><\/w:lsdexception>\n<w:lsdexception Locked=\"false\" Priority=\"61\" SemiHidden=\"false\" UnhideWhenUsed=\"false\" Name=\"Light List Accent 5\"><\/w:lsdexception>\n<w:lsdexception Locked=\"false\" Priority=\"62\" SemiHidden=\"false\" UnhideWhenUsed=\"false\" Name=\"Light Grid Accent 5\"><\/w:lsdexception>\n<w:lsdexception Locked=\"false\" Priority=\"63\" SemiHidden=\"false\" UnhideWhenUsed=\"false\" Name=\"Medium Shading 1 Accent 5\"><\/w:lsdexception>\n<w:lsdexception Locked=\"false\" Priority=\"64\" SemiHidden=\"false\" UnhideWhenUsed=\"false\" Name=\"Medium Shading 2 Accent 5\"><\/w:lsdexception>\n<w:lsdexception Locked=\"false\" Priority=\"65\" SemiHidden=\"false\" UnhideWhenUsed=\"false\" Name=\"Medium List 1 Accent 5\"><\/w:lsdexception>\n<w:lsdexception Locked=\"false\" Priority=\"66\" SemiHidden=\"false\" UnhideWhenUsed=\"false\" Name=\"Medium List 2 Accent 5\"><\/w:lsdexception>\n<w:lsdexception Locked=\"false\" Priority=\"67\" SemiHidden=\"false\" UnhideWhenUsed=\"false\" Name=\"Medium Grid 1 Accent 5\"><\/w:lsdexception>\n<w:lsdexception Locked=\"false\" Priority=\"68\" SemiHidden=\"false\" UnhideWhenUsed=\"false\" Name=\"Medium Grid 2 Accent 5\"><\/w:lsdexception>\n<w:lsdexception Locked=\"false\" Priority=\"69\" SemiHidden=\"false\" UnhideWhenUsed=\"false\" Name=\"Medium Grid 3 Accent 5\"><\/w:lsdexception>\n<w:lsdexception Locked=\"false\" Priority=\"70\" SemiHidden=\"false\" UnhideWhenUsed=\"false\" Name=\"Dark List Accent 5\"><\/w:lsdexception>\n<w:lsdexception Locked=\"false\" Priority=\"71\" SemiHidden=\"false\" UnhideWhenUsed=\"false\" Name=\"Colorful Shading Accent 5\"><\/w:lsdexception>\n<w:lsdexception Locked=\"false\" Priority=\"72\" SemiHidden=\"false\" UnhideWhenUsed=\"false\" Name=\"Colorful List Accent 5\"><\/w:lsdexception>\n<w:lsdexception Locked=\"false\" Priority=\"73\" SemiHidden=\"false\" UnhideWhenUsed=\"false\" Name=\"Colorful Grid Accent 5\"><\/w:lsdexception>\n<w:lsdexception Locked=\"false\" Priority=\"60\" SemiHidden=\"false\" UnhideWhenUsed=\"false\" Name=\"Light Shading Accent 6\"><\/w:lsdexception>\n<w:lsdexception Locked=\"false\" Priority=\"61\" SemiHidden=\"false\" UnhideWhenUsed=\"false\" Name=\"Light List Accent 6\"><\/w:lsdexception>\n<w:lsdexception Locked=\"false\" Priority=\"62\" SemiHidden=\"false\" UnhideWhenUsed=\"false\" Name=\"Light Grid Accent 6\"><\/w:lsdexception>\n<w:lsdexception Locked=\"false\" Priority=\"63\" SemiHidden=\"false\" UnhideWhenUsed=\"false\" Name=\"Medium Shading 1 Accent 6\"><\/w:lsdexception>\n<w:lsdexception Locked=\"false\" Priority=\"64\" SemiHidden=\"false\" UnhideWhenUsed=\"false\" Name=\"Medium Shading 2 Accent 6\"><\/w:lsdexception>\n<w:lsdexception Locked=\"false\" Priority=\"65\" SemiHidden=\"false\" UnhideWhenUsed=\"false\" Name=\"Medium List 1 Accent 6\"><\/w:lsdexception>\n<w:lsdexception Locked=\"false\" Priority=\"66\" SemiHidden=\"false\" UnhideWhenUsed=\"false\" Name=\"Medium List 2 Accent 6\"><\/w:lsdexception>\n<w:lsdexception Locked=\"false\" Priority=\"67\" SemiHidden=\"false\" UnhideWhenUsed=\"false\" Name=\"Medium Grid 1 Accent 6\"><\/w:lsdexception>\n<w:lsdexception Locked=\"false\" Priority=\"68\" SemiHidden=\"false\" UnhideWhenUsed=\"false\" Name=\"Medium Grid 2 Accent 6\"><\/w:lsdexception>\n<w:lsdexception Locked=\"false\" Priority=\"69\" SemiHidden=\"false\" UnhideWhenUsed=\"false\" Name=\"Medium Grid 3 Accent 6\"><\/w:lsdexception>\n<w:lsdexception Locked=\"false\" Priority=\"70\" SemiHidden=\"false\" UnhideWhenUsed=\"false\" Name=\"Dark List Accent 6\"><\/w:lsdexception>\n<w:lsdexception Locked=\"false\" Priority=\"71\" SemiHidden=\"false\" UnhideWhenUsed=\"false\" Name=\"Colorful Shading Accent 6\"><\/w:lsdexception>\n<w:lsdexception Locked=\"false\" Priority=\"72\" SemiHidden=\"false\" UnhideWhenUsed=\"false\" Name=\"Colorful List Accent 6\"><\/w:lsdexception>\n<w:lsdexception Locked=\"false\" Priority=\"73\" SemiHidden=\"false\" UnhideWhenUsed=\"false\" Name=\"Colorful Grid Accent 6\"><\/w:lsdexception>\n<w:lsdexception Locked=\"false\" Priority=\"19\" SemiHidden=\"false\" UnhideWhenUsed=\"false\" QFormat=\"true\" Name=\"Subtle Emphasis\"><\/w:lsdexception>\n<w:lsdexception Locked=\"false\" Priority=\"21\" SemiHidden=\"false\" UnhideWhenUsed=\"false\" QFormat=\"true\" Name=\"Intense Emphasis\"><\/w:lsdexception>\n<w:lsdexception Locked=\"false\" Priority=\"31\" SemiHidden=\"false\" UnhideWhenUsed=\"false\" QFormat=\"true\" Name=\"Subtle Reference\"><\/w:lsdexception>\n<w:lsdexception Locked=\"false\" Priority=\"32\" SemiHidden=\"false\" UnhideWhenUsed=\"false\" QFormat=\"true\" Name=\"Intense Reference\"><\/w:lsdexception>\n<w:lsdexception Locked=\"false\" Priority=\"33\" SemiHidden=\"false\" UnhideWhenUsed=\"false\" QFormat=\"true\" Name=\"Book Title\"><\/w:lsdexception>\n<w:lsdexception Locked=\"false\" Priority=\"37\" Name=\"Bibliography\"><\/w:lsdexception>\n<w:lsdexception Locked=\"false\" Priority=\"39\" QFormat=\"true\" Name=\"TOC Heading\"><\/w:lsdexception>\n<\/w:latentstyles>\n<\/xml>< ![endif]--><!-- [if gte mso 10]>\n\n< ![endif]--><\/p>\n<style class=\"advgb-styles-renderer\">\n \/* Style Definitions *\/\ntable.MsoNormalTable\n{mso-style-name:\"Tabla normal\";\nmso-tstyle-rowband-size:0;\nmso-tstyle-colband-size:0;\nmso-style-noshow:yes;\nmso-style-priority:99;\nmso-style-qformat:yes;\nmso-style-parent:\"\";\nmso-padding-alt:0cm 5.4pt 0cm 5.4pt;\nmso-para-margin-top:0cm;\nmso-para-margin-right:0cm;\nmso-para-margin-bottom:10.0pt;\nmso-para-margin-left:0cm;\nline-height:115%;\nmso-pagination:widow-orphan;\nfont-size:11.0pt;\nfont-family:\"Calibri\",\"sans-serif\";\nmso-ascii-font-family:Calibri;\nmso-ascii-theme-font:minor-latin;\nmso-fareast-font-family:\"Times New Roman\";\nmso-fareast-theme-font:minor-fareast;\nmso-hansi-font-family:Calibri;\nmso-hansi-theme-font:minor-latin;}\n<\/style>","protected":false},"excerpt":{"rendered":"<p>Hoy ya nadie duda de la importancia que tienen las Personas en la consecuci\u00f3n de los objetivos de la Empresa.Por eso,la elecci\u00f3n de los trabajadores m\u00e1s adecuados constituye,para cualquier organizaci\u00f3n, [&hellip;]<\/p>","protected":false},"author":9192194,"featured_media":0,"comment_status":"closed","ping_status":"closed","template":"","meta":{"inline_featured_image":false,"advgb_blocks_editor_width":"","advgb_blocks_columns_visual_guide":""},"categories":[18,7],"tags":[35,34,36],"product_brand":[],"product_cat":[211],"product_tag":[],"class_list":{"0":"post-190","1":"product","2":"type-product","3":"status-publish","5":"category-desarrollo-y-capacitacion-rrhh","6":"category-job-site","7":"tag-personal","8":"tag-plan","9":"tag-seleccion","10":"product_cat-uncategorized","11":"has-post-video","13":"first","14":"instock","15":"taxable","16":"shipping-taxable","17":"product-type-simple"},"acf":[],"featured_img":false,"coauthors":[],"author_meta":{"author_link":"https:\/\/projects.grupomainjobs.com\/ca\/author\/minfantes\/","display_name":"Comunicaci\u00f3n Mainjobs"},"relative_dates":{"created":"Posted 19 anys ago","modified":"Updated 10 anys ago"},"absolute_dates":{"created":"Posted on juny 11, 2007","modified":"Updated on mar\u00e7 9, 2016"},"absolute_dates_time":{"created":"Posted on juny 11, 2007 12:42","modified":"Updated on mar\u00e7 9, 2016 18:14"},"featured_img_caption":"","tax_additional":{"category":{"linked":["<a href=\"https:\/\/projects.grupomainjobs.com\/ca\/rrhh\/desarrollo-y-capacitacion-rrhh\/\" class=\"advgb-post-tax-term\">Desarrollo y Capacitaci\u00f3n<\/a>","<a href=\"https:\/\/projects.grupomainjobs.com\/ca\/job-site\/\" class=\"advgb-post-tax-term\">Job site<\/a>"],"unlinked":["<span class=\"advgb-post-tax-term\">Desarrollo y Capacitaci\u00f3n<\/span>","<span class=\"advgb-post-tax-term\">Job site<\/span>"],"slug":"category","name":"Categories"},"post_tag":{"linked":["<a href=\"https:\/\/projects.grupomainjobs.com\/ca\/tag\/personal\/\" class=\"advgb-post-tax-term\">personal<\/a>","<a href=\"https:\/\/projects.grupomainjobs.com\/ca\/tag\/plan\/\" class=\"advgb-post-tax-term\">plan<\/a>","<a href=\"https:\/\/projects.grupomainjobs.com\/ca\/tag\/seleccion\/\" class=\"advgb-post-tax-term\">selecci\u00f3n<\/a>"],"unlinked":["<span class=\"advgb-post-tax-term\">personal<\/span>","<span class=\"advgb-post-tax-term\">plan<\/span>","<span class=\"advgb-post-tax-term\">selecci\u00f3n<\/span>"],"slug":"post_tag","name":"Etiquetes"},"product_brand":{"linked":[],"unlinked":[],"slug":"product_brand","name":"Marques"},"product_type":{"linked":["<a href=\"https:\/\/projects.grupomainjobs.com\/ca\/?taxonomy=product_type&#038;term=simple\" class=\"advgb-post-tax-term\">simple<\/a>"],"unlinked":["<span class=\"advgb-post-tax-term\">simple<\/span>"],"slug":"product_type","name":"Tipus de producte"},"product_visibility":{"linked":[],"unlinked":[],"slug":"product_visibility","name":"Visibilitat del producte"},"product_cat":{"linked":["<a href=\"https:\/\/projects.grupomainjobs.com\/ca\/product-category\/uncategorized\/\" class=\"advgb-post-tax-term\">Uncategorized<\/a>"],"unlinked":["<span class=\"advgb-post-tax-term\">Uncategorized<\/span>"],"slug":"product_cat","name":"Categories de productes"},"product_tag":{"linked":[],"unlinked":[],"slug":"product_tag","name":"Etiquetes de producte"},"product_shipping_class":{"linked":[],"unlinked":[],"slug":"product_shipping_class","name":"Classes d&#039;enviament del producte"},"pa_cuota-inicial":{"linked":[],"unlinked":[],"slug":"pa_cuota-inicial","name":"Producte Cuota inicial"},"pa_numero-de-cuotas":{"linked":[],"unlinked":[],"slug":"pa_numero-de-cuotas","name":"Producte N\u00famero de cuotas"}},"series_order":"","_links":{"self":[{"href":"https:\/\/projects.grupomainjobs.com\/ca\/wp-json\/wp\/v2\/product\/190","targetHints":{"allow":["GET"]}}],"collection":[{"href":"https:\/\/projects.grupomainjobs.com\/ca\/wp-json\/wp\/v2\/product"}],"about":[{"href":"https:\/\/projects.grupomainjobs.com\/ca\/wp-json\/wp\/v2\/types\/product"}],"replies":[{"embeddable":true,"href":"https:\/\/projects.grupomainjobs.com\/ca\/wp-json\/wp\/v2\/comments?post=190"}],"wp:attachment":[{"href":"https:\/\/projects.grupomainjobs.com\/ca\/wp-json\/wp\/v2\/media?parent=190"}],"wp:term":[{"taxonomy":"category","embeddable":true,"href":"https:\/\/projects.grupomainjobs.com\/ca\/wp-json\/wp\/v2\/categories?post=190"},{"taxonomy":"post_tag","embeddable":true,"href":"https:\/\/projects.grupomainjobs.com\/ca\/wp-json\/wp\/v2\/tags?post=190"},{"taxonomy":"product_brand","embeddable":true,"href":"https:\/\/projects.grupomainjobs.com\/ca\/wp-json\/wp\/v2\/product_brand?post=190"},{"taxonomy":"product_cat","embeddable":true,"href":"https:\/\/projects.grupomainjobs.com\/ca\/wp-json\/wp\/v2\/product_cat?post=190"},{"taxonomy":"product_tag","embeddable":true,"href":"https:\/\/projects.grupomainjobs.com\/ca\/wp-json\/wp\/v2\/product_tag?post=190"}],"curies":[{"name":"wp","href":"https:\/\/api.w.org\/{rel}","templated":true}]}}