
{"id":128,"date":"1999-06-02T16:04:29","date_gmt":"1999-06-02T15:04:29","guid":{"rendered":"https:\/\/projects.grupomainjobs.com\/?p=128"},"modified":"2016-03-09T20:37:07","modified_gmt":"2016-03-09T19:37:07","slug":"diagnostico-comercial","status":"publish","type":"product","link":"https:\/\/projects.grupomainjobs.com\/ca\/producte\/diagnostico-comercial\/","title":{"rendered":"Diagn\u00f2stic comercial"},"content":{"rendered":"<p>El Diagn\u00f2stic Comercial examina els sis principals components que conformen els eixos <strong>estrat\u00e8gics<\/strong> de la pol\u00edtica comercial de l&#039;empresa, a fi d&#039;analitzar el posicionament de la marca, l&#039;organitzaci\u00f3 de la xarxa de <strong>vendes,<\/strong> desenvolupament de la xarxa de distribuci\u00f3, \u2026<\/p>","protected":false},"excerpt":{"rendered":"<p>El Diagnostico Comercial examina los seis principales componentes que conforman los ejes estrat\u00e9gicos de la pol\u00edtica comercial de la empresa, al objeto de analizar el posicionamiento de la marca, la [&hellip;]<\/p>","protected":false},"author":9192194,"featured_media":0,"comment_status":"closed","ping_status":"closed","template":"","meta":{"inline_featured_image":false,"advgb_blocks_editor_width":"","advgb_blocks_columns_visual_guide":""},"categories":[19],"tags":[32,31,28],"product_brand":[],"product_cat":[211],"product_tag":[],"class_list":{"0":"post-128","1":"product","2":"type-product","3":"status-publish","5":"category-direccion-comercial","6":"tag-costes","7":"tag-estrategia","8":"tag-sistema","9":"product_cat-uncategorized","10":"has-post-video","12":"first","13":"instock","14":"taxable","15":"shipping-taxable","16":"product-type-simple"},"acf":[],"featured_img":false,"coauthors":[],"author_meta":{"author_link":"https:\/\/projects.grupomainjobs.com\/ca\/author\/minfantes\/","display_name":"Comunicaci\u00f3n Mainjobs"},"relative_dates":{"created":"Posted 27 anys ago","modified":"Updated 10 anys ago"},"absolute_dates":{"created":"Posted on juny 2, 1999","modified":"Updated on mar\u00e7 9, 2016"},"absolute_dates_time":{"created":"Posted on juny 2, 1999 16:04","modified":"Updated on mar\u00e7 9, 2016 20:37"},"featured_img_caption":"","tax_additional":{"category":{"linked":["<a href=\"https:\/\/projects.grupomainjobs.com\/ca\/rrhh\/direccion-comercial\/\" class=\"advgb-post-tax-term\">Direcci\u00f3n Comercial<\/a>"],"unlinked":["<span class=\"advgb-post-tax-term\">Direcci\u00f3n Comercial<\/span>"],"slug":"category","name":"Categories"},"post_tag":{"linked":["<a href=\"https:\/\/projects.grupomainjobs.com\/ca\/tag\/costes\/\" class=\"advgb-post-tax-term\">costes<\/a>","<a href=\"https:\/\/projects.grupomainjobs.com\/ca\/tag\/estrategia\/\" class=\"advgb-post-tax-term\">estrat\u00e9gia<\/a>","<a href=\"https:\/\/projects.grupomainjobs.com\/ca\/tag\/sistema\/\" class=\"advgb-post-tax-term\">sistema<\/a>"],"unlinked":["<span class=\"advgb-post-tax-term\">costes<\/span>","<span class=\"advgb-post-tax-term\">estrat\u00e9gia<\/span>","<span class=\"advgb-post-tax-term\">sistema<\/span>"],"slug":"post_tag","name":"Etiquetes"},"product_brand":{"linked":[],"unlinked":[],"slug":"product_brand","name":"Marques"},"product_type":{"linked":["<a href=\"https:\/\/projects.grupomainjobs.com\/ca\/?taxonomy=product_type&#038;term=simple\" class=\"advgb-post-tax-term\">simple<\/a>"],"unlinked":["<span class=\"advgb-post-tax-term\">simple<\/span>"],"slug":"product_type","name":"Tipus de producte"},"product_visibility":{"linked":[],"unlinked":[],"slug":"product_visibility","name":"Visibilitat del producte"},"product_cat":{"linked":["<a href=\"https:\/\/projects.grupomainjobs.com\/ca\/product-category\/uncategorized\/\" class=\"advgb-post-tax-term\">Uncategorized<\/a>"],"unlinked":["<span class=\"advgb-post-tax-term\">Uncategorized<\/span>"],"slug":"product_cat","name":"Categories de productes"},"product_tag":{"linked":[],"unlinked":[],"slug":"product_tag","name":"Etiquetes de producte"},"product_shipping_class":{"linked":[],"unlinked":[],"slug":"product_shipping_class","name":"Classes d&#039;enviament del producte"},"pa_cuota-inicial":{"linked":[],"unlinked":[],"slug":"pa_cuota-inicial","name":"Producte Cuota inicial"},"pa_numero-de-cuotas":{"linked":[],"unlinked":[],"slug":"pa_numero-de-cuotas","name":"Producte N\u00famero de cuotas"}},"series_order":"","_links":{"self":[{"href":"https:\/\/projects.grupomainjobs.com\/ca\/wp-json\/wp\/v2\/product\/128","targetHints":{"allow":["GET"]}}],"collection":[{"href":"https:\/\/projects.grupomainjobs.com\/ca\/wp-json\/wp\/v2\/product"}],"about":[{"href":"https:\/\/projects.grupomainjobs.com\/ca\/wp-json\/wp\/v2\/types\/product"}],"replies":[{"embeddable":true,"href":"https:\/\/projects.grupomainjobs.com\/ca\/wp-json\/wp\/v2\/comments?post=128"}],"wp:attachment":[{"href":"https:\/\/projects.grupomainjobs.com\/ca\/wp-json\/wp\/v2\/media?parent=128"}],"wp:term":[{"taxonomy":"category","embeddable":true,"href":"https:\/\/projects.grupomainjobs.com\/ca\/wp-json\/wp\/v2\/categories?post=128"},{"taxonomy":"post_tag","embeddable":true,"href":"https:\/\/projects.grupomainjobs.com\/ca\/wp-json\/wp\/v2\/tags?post=128"},{"taxonomy":"product_brand","embeddable":true,"href":"https:\/\/projects.grupomainjobs.com\/ca\/wp-json\/wp\/v2\/product_brand?post=128"},{"taxonomy":"product_cat","embeddable":true,"href":"https:\/\/projects.grupomainjobs.com\/ca\/wp-json\/wp\/v2\/product_cat?post=128"},{"taxonomy":"product_tag","embeddable":true,"href":"https:\/\/projects.grupomainjobs.com\/ca\/wp-json\/wp\/v2\/product_tag?post=128"}],"curies":[{"name":"wp","href":"https:\/\/api.w.org\/{rel}","templated":true}]}}