
{"id":112,"date":"2006-06-02T15:18:19","date_gmt":"2006-06-02T14:18:19","guid":{"rendered":"https:\/\/projects.grupomainjobs.com\/?p=112"},"modified":"2016-03-09T21:08:21","modified_gmt":"2016-03-09T20:08:21","slug":"evaluacion-del-desempeno","status":"publish","type":"product","link":"https:\/\/projects.grupomainjobs.com\/ca\/producte\/evaluacion-del-desempeno\/","title":{"rendered":"Avaluaci\u00f3 de l&#039;exercici (Avaluaci\u00f3 360)"},"content":{"rendered":"<p>L&#039;objectiu d&#039;aquesta eina \u00e9s fer-ne una <strong>estimaci\u00f3<\/strong> quantitativa i qualitativa del grau d&#039;efic\u00e0cia amb qu\u00e8 les persones duen a terme les activitats, els objectius i les responsabilitats als seus llocs de treball. En fer l&#039;avaluaci\u00f3, l&#039;empresa obt\u00e9 una <strong>informaci\u00f3<\/strong> per prendre decisions sobre el funcionament de lorganitzaci\u00f3.<\/p>","protected":false},"excerpt":{"rendered":"<p>El objetivo de esta herramienta es hacer una estimaci\u00f3n cuantitativa y cualitativa del grado de eficacia con que las personas llevan a cabo las actividades, los objetivos y las responsabilidades [&hellip;]<\/p>","protected":false},"author":9192194,"featured_media":0,"comment_status":"closed","ping_status":"closed","template":"","meta":{"inline_featured_image":false,"advgb_blocks_editor_width":"","advgb_blocks_columns_visual_guide":""},"categories":[18],"tags":[31,35],"product_brand":[],"product_cat":[211],"product_tag":[],"class_list":{"0":"post-112","1":"product","2":"type-product","3":"status-publish","5":"category-desarrollo-y-capacitacion-rrhh","6":"tag-estrategia","7":"tag-personal","8":"product_cat-uncategorized","9":"has-post-video","11":"first","12":"instock","13":"taxable","14":"shipping-taxable","15":"product-type-simple"},"acf":[],"featured_img":false,"coauthors":[],"author_meta":{"author_link":"https:\/\/projects.grupomainjobs.com\/ca\/author\/minfantes\/","display_name":"Comunicaci\u00f3n Mainjobs"},"relative_dates":{"created":"Posted 20 anys ago","modified":"Updated 10 anys ago"},"absolute_dates":{"created":"Posted on juny 2, 2006","modified":"Updated on mar\u00e7 9, 2016"},"absolute_dates_time":{"created":"Posted on juny 2, 2006 15:18","modified":"Updated on mar\u00e7 9, 2016 21:08"},"featured_img_caption":"","tax_additional":{"category":{"linked":["<a href=\"https:\/\/projects.grupomainjobs.com\/ca\/rrhh\/desarrollo-y-capacitacion-rrhh\/\" class=\"advgb-post-tax-term\">Desarrollo y Capacitaci\u00f3n<\/a>"],"unlinked":["<span class=\"advgb-post-tax-term\">Desarrollo y Capacitaci\u00f3n<\/span>"],"slug":"category","name":"Categories"},"post_tag":{"linked":["<a href=\"https:\/\/projects.grupomainjobs.com\/ca\/tag\/estrategia\/\" class=\"advgb-post-tax-term\">estrat\u00e9gia<\/a>","<a href=\"https:\/\/projects.grupomainjobs.com\/ca\/tag\/personal\/\" class=\"advgb-post-tax-term\">personal<\/a>"],"unlinked":["<span class=\"advgb-post-tax-term\">estrat\u00e9gia<\/span>","<span class=\"advgb-post-tax-term\">personal<\/span>"],"slug":"post_tag","name":"Etiquetes"},"product_brand":{"linked":[],"unlinked":[],"slug":"product_brand","name":"Marques"},"product_type":{"linked":["<a href=\"https:\/\/projects.grupomainjobs.com\/ca\/?taxonomy=product_type&#038;term=simple\" class=\"advgb-post-tax-term\">simple<\/a>"],"unlinked":["<span class=\"advgb-post-tax-term\">simple<\/span>"],"slug":"product_type","name":"Tipus de producte"},"product_visibility":{"linked":[],"unlinked":[],"slug":"product_visibility","name":"Visibilitat del producte"},"product_cat":{"linked":["<a href=\"https:\/\/projects.grupomainjobs.com\/ca\/product-category\/uncategorized\/\" class=\"advgb-post-tax-term\">Uncategorized<\/a>"],"unlinked":["<span class=\"advgb-post-tax-term\">Uncategorized<\/span>"],"slug":"product_cat","name":"Categories de productes"},"product_tag":{"linked":[],"unlinked":[],"slug":"product_tag","name":"Etiquetes de producte"},"product_shipping_class":{"linked":[],"unlinked":[],"slug":"product_shipping_class","name":"Classes d&#039;enviament del producte"},"pa_cuota-inicial":{"linked":[],"unlinked":[],"slug":"pa_cuota-inicial","name":"Producte Cuota inicial"},"pa_numero-de-cuotas":{"linked":[],"unlinked":[],"slug":"pa_numero-de-cuotas","name":"Producte N\u00famero de cuotas"}},"series_order":"","_links":{"self":[{"href":"https:\/\/projects.grupomainjobs.com\/ca\/wp-json\/wp\/v2\/product\/112","targetHints":{"allow":["GET"]}}],"collection":[{"href":"https:\/\/projects.grupomainjobs.com\/ca\/wp-json\/wp\/v2\/product"}],"about":[{"href":"https:\/\/projects.grupomainjobs.com\/ca\/wp-json\/wp\/v2\/types\/product"}],"replies":[{"embeddable":true,"href":"https:\/\/projects.grupomainjobs.com\/ca\/wp-json\/wp\/v2\/comments?post=112"}],"wp:attachment":[{"href":"https:\/\/projects.grupomainjobs.com\/ca\/wp-json\/wp\/v2\/media?parent=112"}],"wp:term":[{"taxonomy":"category","embeddable":true,"href":"https:\/\/projects.grupomainjobs.com\/ca\/wp-json\/wp\/v2\/categories?post=112"},{"taxonomy":"post_tag","embeddable":true,"href":"https:\/\/projects.grupomainjobs.com\/ca\/wp-json\/wp\/v2\/tags?post=112"},{"taxonomy":"product_brand","embeddable":true,"href":"https:\/\/projects.grupomainjobs.com\/ca\/wp-json\/wp\/v2\/product_brand?post=112"},{"taxonomy":"product_cat","embeddable":true,"href":"https:\/\/projects.grupomainjobs.com\/ca\/wp-json\/wp\/v2\/product_cat?post=112"},{"taxonomy":"product_tag","embeddable":true,"href":"https:\/\/projects.grupomainjobs.com\/ca\/wp-json\/wp\/v2\/product_tag?post=112"}],"curies":[{"name":"wp","href":"https:\/\/api.w.org\/{rel}","templated":true}]}}