
{"id":1008,"date":"2014-07-21T17:24:34","date_gmt":"2014-07-21T16:24:34","guid":{"rendered":"https:\/\/projects.grupomainjobs.com\/curso\/gestion-del-tiempo-y-equipos-de-trabajo-en-la-administracion-publica\/"},"modified":"2014-08-05T13:04:24","modified_gmt":"2014-08-05T12:04:24","slug":"gestion-del-tiempo-y-equipos-de-trabajo-en-la-administracion-publica","status":"publish","type":"product","link":"https:\/\/projects.grupomainjobs.com\/ca\/producte\/gestion-del-tiempo-y-equipos-de-trabajo-en-la-administracion-publica\/","title":{"rendered":"Gesti\u00f3 del temps i equips de treball a l&#039;Administraci\u00f3 P\u00fablica"},"content":{"rendered":"<p>El curs s&#039;adre\u00e7a al personal funcionari i laboral de l&#039;Administraci\u00f3 P\u00fablica.<\/p>","protected":false},"excerpt":{"rendered":"<p>El curs s&#039;adre\u00e7a al personal funcionari i laboral de l&#039;Administraci\u00f3 P\u00fablica.<\/p>","protected":false},"author":9192196,"featured_media":0,"comment_status":"closed","ping_status":"closed","template":"","meta":{"inline_featured_image":false,"advgb_blocks_editor_width":"","advgb_blocks_columns_visual_guide":""},"categories":[13,2,50],"tags":[],"product_brand":[],"product_cat":[211],"product_tag":[],"class_list":{"0":"post-1008","1":"product","2":"type-product","3":"status-publish","5":"category-cursos","6":"category-formacion","7":"category-sectoriales","8":"product_cat-uncategorized","10":"first","11":"instock","12":"taxable","13":"shipping-taxable","14":"purchasable","15":"product-type-simple"},"acf":[],"featured_img":false,"coauthors":[],"author_meta":{"author_link":"https:\/\/projects.grupomainjobs.com\/ca\/author\/admin\/","display_name":"Mainjobs"},"relative_dates":{"created":"Posted 12 anys ago","modified":"Updated 12 anys ago"},"absolute_dates":{"created":"Posted on juliol 21, 2014","modified":"Updated on agost 5, 2014"},"absolute_dates_time":{"created":"Posted on juliol 21, 2014 17:24","modified":"Updated on agost 5, 2014 13:04"},"featured_img_caption":"","tax_additional":{"category":{"linked":["<a href=\"https:\/\/projects.grupomainjobs.com\/ca\/formacion\/cursos\/\" class=\"advgb-post-tax-term\">Cursos<\/a>","<a href=\"https:\/\/projects.grupomainjobs.com\/ca\/formacion\/\" class=\"advgb-post-tax-term\">Formaci\u00f3n<\/a>","<a href=\"https:\/\/projects.grupomainjobs.com\/ca\/formacion\/cursos\/sectoriales\/\" class=\"advgb-post-tax-term\">Sectoriales<\/a>"],"unlinked":["<span class=\"advgb-post-tax-term\">Cursos<\/span>","<span class=\"advgb-post-tax-term\">Formaci\u00f3n<\/span>","<span class=\"advgb-post-tax-term\">Sectoriales<\/span>"],"slug":"category","name":"Categories"},"post_tag":{"linked":[],"unlinked":[],"slug":"post_tag","name":"Etiquetes"},"product_brand":{"linked":[],"unlinked":[],"slug":"product_brand","name":"Marques"},"product_type":{"linked":[],"unlinked":[],"slug":"product_type","name":"Tipus de producte"},"product_visibility":{"linked":["<a href=\"https:\/\/projects.grupomainjobs.com\/ca\/?taxonomy=product_visibility&#038;term=exclude-from-catalog\" class=\"advgb-post-tax-term\">exclude-from-catalog<\/a>","<a href=\"https:\/\/projects.grupomainjobs.com\/ca\/?taxonomy=product_visibility&#038;term=exclude-from-search\" class=\"advgb-post-tax-term\">exclude-from-search<\/a>"],"unlinked":["<span class=\"advgb-post-tax-term\">exclude-from-catalog<\/span>","<span class=\"advgb-post-tax-term\">exclude-from-search<\/span>"],"slug":"product_visibility","name":"Visibilitat del producte"},"product_cat":{"linked":["<a href=\"https:\/\/projects.grupomainjobs.com\/ca\/product-category\/uncategorized\/\" class=\"advgb-post-tax-term\">Uncategorized<\/a>"],"unlinked":["<span class=\"advgb-post-tax-term\">Uncategorized<\/span>"],"slug":"product_cat","name":"Categories de productes"},"product_tag":{"linked":[],"unlinked":[],"slug":"product_tag","name":"Etiquetes de producte"},"product_shipping_class":{"linked":[],"unlinked":[],"slug":"product_shipping_class","name":"Classes d&#039;enviament del producte"},"pa_cuota-inicial":{"linked":[],"unlinked":[],"slug":"pa_cuota-inicial","name":"Producte Cuota inicial"},"pa_numero-de-cuotas":{"linked":[],"unlinked":[],"slug":"pa_numero-de-cuotas","name":"Producte N\u00famero de cuotas"}},"series_order":"","_links":{"self":[{"href":"https:\/\/projects.grupomainjobs.com\/ca\/wp-json\/wp\/v2\/product\/1008","targetHints":{"allow":["GET"]}}],"collection":[{"href":"https:\/\/projects.grupomainjobs.com\/ca\/wp-json\/wp\/v2\/product"}],"about":[{"href":"https:\/\/projects.grupomainjobs.com\/ca\/wp-json\/wp\/v2\/types\/product"}],"replies":[{"embeddable":true,"href":"https:\/\/projects.grupomainjobs.com\/ca\/wp-json\/wp\/v2\/comments?post=1008"}],"wp:attachment":[{"href":"https:\/\/projects.grupomainjobs.com\/ca\/wp-json\/wp\/v2\/media?parent=1008"}],"wp:term":[{"taxonomy":"category","embeddable":true,"href":"https:\/\/projects.grupomainjobs.com\/ca\/wp-json\/wp\/v2\/categories?post=1008"},{"taxonomy":"post_tag","embeddable":true,"href":"https:\/\/projects.grupomainjobs.com\/ca\/wp-json\/wp\/v2\/tags?post=1008"},{"taxonomy":"product_brand","embeddable":true,"href":"https:\/\/projects.grupomainjobs.com\/ca\/wp-json\/wp\/v2\/product_brand?post=1008"},{"taxonomy":"product_cat","embeddable":true,"href":"https:\/\/projects.grupomainjobs.com\/ca\/wp-json\/wp\/v2\/product_cat?post=1008"},{"taxonomy":"product_tag","embeddable":true,"href":"https:\/\/projects.grupomainjobs.com\/ca\/wp-json\/wp\/v2\/product_tag?post=1008"}],"curies":[{"name":"wp","href":"https:\/\/api.w.org\/{rel}","templated":true}]}}