
{"id":4907,"date":"2016-05-04T09:17:40","date_gmt":"2016-05-04T08:17:40","guid":{"rendered":"https:\/\/projects.grupomainjobs.com\/?page_id=4907&#038;lang=en"},"modified":"2016-05-04T09:17:40","modified_gmt":"2016-05-04T08:17:40","slug":"contenidos-digitales","status":"publish","type":"page","link":"https:\/\/projects.grupomainjobs.com\/ca\/contenidos-digitales\/","title":{"rendered":"Continguts Digitals"},"content":{"rendered":"<p>Des del seu naixement el Grup MainJobs t\u00e9 uns i zeros al seu ADN corporatiu. Est\u00e0 a la nostra naturalesa i ens sentim c\u00f2modes davant d&#039;all\u00f2 digital. \u00c9s el nostre terreny de joc preferit i destaquem molt per sobre dels altres. Els nostres productes\/serveis 2.0 no crien borrissol com els de la compet\u00e8ncia, ja que s\u00f3n actualitzats permanentment per evitar l&#039;obsolesc\u00e8ncia d&#039;aquells que no comprenen el que \u00e9s viure com nosaltres a l&#039;era Post-PC.<\/p>","protected":false},"excerpt":{"rendered":"<p>Desde su nacimiento el Grupo MainJobs tiene unos y ceros en su ADN corporativo. Est\u00e1 en nuestra naturaleza y nos sentimos c\u00f3modos ante lo digital. Es nuestro terreno de juego [&hellip;]<\/p>","protected":false},"author":2,"featured_media":0,"parent":0,"menu_order":0,"comment_status":"closed","ping_status":"closed","template":"","meta":{"inline_featured_image":false,"advgb_blocks_editor_width":"","advgb_blocks_columns_visual_guide":"","_joinchat":[],"footnotes":""},"class_list":["post-4907","page","type-page","status-publish","hentry"],"acf":[],"coauthors":[],"author_meta":{"author_link":"https:\/\/projects.grupomainjobs.com\/ca\/author\/jmoreno\/","display_name":"Comunicaci\u00f3n Mainjobs"},"relative_dates":{"created":"Posted 10 anys ago","modified":"Updated 10 anys ago"},"absolute_dates":{"created":"Posted on maig 4, 2016","modified":"Updated on maig 4, 2016"},"absolute_dates_time":{"created":"Posted on maig 4, 2016 09:17","modified":"Updated on maig 4, 2016 09:17"},"featured_img_caption":"","featured_img":false,"series_order":"","_links":{"self":[{"href":"https:\/\/projects.grupomainjobs.com\/ca\/wp-json\/wp\/v2\/pages\/4907","targetHints":{"allow":["GET"]}}],"collection":[{"href":"https:\/\/projects.grupomainjobs.com\/ca\/wp-json\/wp\/v2\/pages"}],"about":[{"href":"https:\/\/projects.grupomainjobs.com\/ca\/wp-json\/wp\/v2\/types\/page"}],"author":[{"embeddable":true,"href":"https:\/\/projects.grupomainjobs.com\/ca\/wp-json\/wp\/v2\/users\/2"}],"replies":[{"embeddable":true,"href":"https:\/\/projects.grupomainjobs.com\/ca\/wp-json\/wp\/v2\/comments?post=4907"}],"version-history":[{"count":1,"href":"https:\/\/projects.grupomainjobs.com\/ca\/wp-json\/wp\/v2\/pages\/4907\/revisions"}],"predecessor-version":[{"id":4911,"href":"https:\/\/projects.grupomainjobs.com\/ca\/wp-json\/wp\/v2\/pages\/4907\/revisions\/4911"}],"wp:attachment":[{"href":"https:\/\/projects.grupomainjobs.com\/ca\/wp-json\/wp\/v2\/media?parent=4907"}],"curies":[{"name":"wp","href":"https:\/\/api.w.org\/{rel}","templated":true}]}}