
{"id":4389,"date":"2016-04-19T13:00:58","date_gmt":"2016-04-19T12:00:58","guid":{"rendered":"https:\/\/projects.grupomainjobs.com\/?page_id=4389"},"modified":"2026-02-19T17:16:46","modified_gmt":"2026-02-19T16:16:46","slug":"lo-mejor-que-tenemos-nuestro-equipo","status":"publish","type":"page","link":"https:\/\/projects.grupomainjobs.com\/ca\/lo-mejor-que-tenemos-nuestro-equipo\/","title":{"rendered":"T&#039;oferim el millor que tenim: el nostre equip"},"content":{"rendered":"<div class=\"wp-block-cover\"><img fetchpriority=\"high\" decoding=\"async\" width=\"1024\" height=\"684\" class=\"wp-block-cover__image-background wp-image-14523 size-large\" alt=\"Team\" src=\"https:\/\/projects.grupomainjobs.com\/wp-content\/uploads\/2023\/01\/Equipo-Cabecera-Imagen-1024x684.jpg\" data-object-fit=\"cover\" srcset=\"https:\/\/projects.grupomainjobs.com\/wp-content\/uploads\/2023\/01\/Equipo-Cabecera-Imagen-1024x684.jpg 1024w, https:\/\/projects.grupomainjobs.com\/wp-content\/uploads\/2023\/01\/Equipo-Cabecera-Imagen-300x200.jpg 300w, https:\/\/projects.grupomainjobs.com\/wp-content\/uploads\/2023\/01\/Equipo-Cabecera-Imagen-768x513.jpg 768w, https:\/\/projects.grupomainjobs.com\/wp-content\/uploads\/2023\/01\/Equipo-Cabecera-Imagen-1536x1025.jpg 1536w, https:\/\/projects.grupomainjobs.com\/wp-content\/uploads\/2023\/01\/Equipo-Cabecera-Imagen-500x334.jpg 500w, https:\/\/projects.grupomainjobs.com\/wp-content\/uploads\/2023\/01\/Equipo-Cabecera-Imagen-800x534.jpg 800w, https:\/\/projects.grupomainjobs.com\/wp-content\/uploads\/2023\/01\/Equipo-Cabecera-Imagen-1280x854.jpg 1280w, https:\/\/projects.grupomainjobs.com\/wp-content\/uploads\/2023\/01\/Equipo-Cabecera-Imagen-1920x1282.jpg 1920w, https:\/\/projects.grupomainjobs.com\/wp-content\/uploads\/2023\/01\/Equipo-Cabecera-Imagen.jpg 2000w\" sizes=\"(max-width: 1024px) 100vw, 1024px\" \/><span aria-hidden=\"true\" class=\"wp-block-cover__background has-background-dim\"><\/span><div class=\"wp-block-cover__inner-container is-layout-flow wp-block-cover-is-layout-flow\">\n<div class=\"wp-block-group\"><div class=\"wp-block-group__inner-container is-layout-constrained wp-block-group-is-layout-constrained\">\n<h1 class=\"wp-block-heading has-text-align-center has-white-color has-text-color\" style=\"font-size:50px\"><strong>Equip<\/strong><\/h1>\n\n\n\n<p class=\"has-text-align-center has-white-color has-text-color\" style=\"font-size:17px\">Ens agraden els reptes. Per aix\u00f2 ens atrevim amb empreses, administracions p\u00fabliques i particulars.<br \/>Som optimistes, compromesos, digitals, internacionals i exigents.<\/p>\n\n\n\n<div style=\"height:15px\" aria-hidden=\"true\" class=\"wp-block-spacer\"><\/div>\n<\/div><\/div>\n<\/div><\/div>\n\n\n\n\n\n<div class=\"wp-block-group fondoA\"><div class=\"wp-block-group__inner-container is-layout-constrained wp-block-group-is-layout-constrained\">\n<div style=\"height:5vh\" aria-hidden=\"true\" class=\"wp-block-spacer\"><\/div>\n\n\n\n<div id=\"Qui\u00e9nes-somos\" class=\"wp-block-group contenedor\"><div class=\"wp-block-group__inner-container is-layout-constrained wp-block-group-is-layout-constrained\">\n<div class=\"wp-block-columns are-vertically-aligned-center is-layout-flex wp-container-core-columns-is-layout-9d6595d7 wp-block-columns-is-layout-flex\">\n<div class=\"wp-block-column is-vertically-aligned-center padding20 sombra has-white-background-color has-background is-layout-flow wp-block-column-is-layout-flow\" style=\"flex-basis:50%\">\n<h2 class=\"wp-block-heading has-text-color\" style=\"color:#0b4e6b\"><strong>Persones que marquen la difer\u00e8ncia<\/strong><\/h2>\n\n\n\n<div style=\"height:30px\" aria-hidden=\"true\" class=\"wp-block-spacer\"><\/div>\n\n\n\n<p>A Mainjobs treballar\u00e0s amb un equip multidisciplinari de m\u00e9s de 450 professionals que es comprometen al 100% amb els seus projectes. Ens defineix la creativitat, l&#039;ADN digital, l&#039;agilitat, la passi\u00f3 pels reptes i l&#039;atenci\u00f3 al detall. Ja sigui per desenvolupar un nou programari o per engegar una formaci\u00f3 enfocada a l&#039;ocupabilitat, a Mainjobs trobar\u00e0s les persones adequades per portar a l&#039;\u00e8xit el teu projecte.<\/p>\n<\/div>\n\n\n\n<div class=\"wp-block-column is-vertically-aligned-center is-layout-flow wp-block-column-is-layout-flow\" style=\"flex-basis:50%\">\n<div class=\"wp-block-cover is-light margen borde\" style=\"min-height:50vh;aspect-ratio:unset;\"><img decoding=\"async\" width=\"1000\" height=\"625\" class=\"wp-block-cover__image-background wp-image-14267\" alt=\"\" src=\"https:\/\/projects.grupomainjobs.com\/wp-content\/uploads\/2023\/01\/equipo-y-clientes-nuestro.jpg\" data-object-fit=\"cover\" srcset=\"https:\/\/projects.grupomainjobs.com\/wp-content\/uploads\/2023\/01\/equipo-y-clientes-nuestro.jpg 1000w, https:\/\/projects.grupomainjobs.com\/wp-content\/uploads\/2023\/01\/equipo-y-clientes-nuestro-300x188.jpg 300w, https:\/\/projects.grupomainjobs.com\/wp-content\/uploads\/2023\/01\/equipo-y-clientes-nuestro-768x480.jpg 768w, https:\/\/projects.grupomainjobs.com\/wp-content\/uploads\/2023\/01\/equipo-y-clientes-nuestro-500x313.jpg 500w, https:\/\/projects.grupomainjobs.com\/wp-content\/uploads\/2023\/01\/equipo-y-clientes-nuestro-800x500.jpg 800w\" sizes=\"(max-width: 1000px) 100vw, 1000px\" \/><span aria-hidden=\"true\" class=\"wp-block-cover__background has-background-dim-0 has-background-dim\"><\/span><div class=\"wp-block-cover__inner-container is-layout-flow wp-block-cover-is-layout-flow\">\n<p class=\"has-text-align-center has-large-font-size\"><\/p>\n<\/div><\/div>\n<\/div>\n<\/div>\n<\/div><\/div>\n\n\n\n<div id=\"Qui\u00e9nes-somos\" class=\"wp-block-group contenedor\"><div class=\"wp-block-group__inner-container is-layout-constrained wp-block-group-is-layout-constrained\">\n<div class=\"wp-block-columns are-vertically-aligned-center is-layout-flex wp-container-core-columns-is-layout-9d6595d7 wp-block-columns-is-layout-flex\">\n<div class=\"wp-block-column is-vertically-aligned-center is-layout-flow wp-block-column-is-layout-flow\" style=\"flex-basis:50%\">\n\n\n<figure class=\"wp-block-image size-large\"><img decoding=\"async\" width=\"1024\" height=\"766\" src=\"https:\/\/projects.grupomainjobs.com\/wp-content\/uploads\/2026\/02\/EQUIPO-WEB-COLLAGE-1-1024x766.png\" alt=\"\" class=\"wp-image-43015\" srcset=\"https:\/\/projects.grupomainjobs.com\/wp-content\/uploads\/2026\/02\/EQUIPO-WEB-COLLAGE-1-1024x766.png 1024w, https:\/\/projects.grupomainjobs.com\/wp-content\/uploads\/2026\/02\/EQUIPO-WEB-COLLAGE-1-300x224.png 300w, https:\/\/projects.grupomainjobs.com\/wp-content\/uploads\/2026\/02\/EQUIPO-WEB-COLLAGE-1-768x575.png 768w, https:\/\/projects.grupomainjobs.com\/wp-content\/uploads\/2026\/02\/EQUIPO-WEB-COLLAGE-1-1536x1149.png 1536w, https:\/\/projects.grupomainjobs.com\/wp-content\/uploads\/2026\/02\/EQUIPO-WEB-COLLAGE-1-16x12.png 16w, https:\/\/projects.grupomainjobs.com\/wp-content\/uploads\/2026\/02\/EQUIPO-WEB-COLLAGE-1-500x374.png 500w, https:\/\/projects.grupomainjobs.com\/wp-content\/uploads\/2026\/02\/EQUIPO-WEB-COLLAGE-1-800x598.png 800w, https:\/\/projects.grupomainjobs.com\/wp-content\/uploads\/2026\/02\/EQUIPO-WEB-COLLAGE-1-1280x958.png 1280w, https:\/\/projects.grupomainjobs.com\/wp-content\/uploads\/2026\/02\/EQUIPO-WEB-COLLAGE-1-1920x1436.png 1920w, https:\/\/projects.grupomainjobs.com\/wp-content\/uploads\/2026\/02\/EQUIPO-WEB-COLLAGE-1.png 1925w\" sizes=\"(max-width: 1024px) 100vw, 1024px\" \/><\/figure>\n<\/div>\n\n\n\n<div class=\"wp-block-column is-vertically-aligned-center padding20 sombra has-white-background-color has-background is-layout-flow wp-block-column-is-layout-flow\" style=\"flex-basis:50%\">\n<h2 class=\"wp-block-heading has-text-color\" style=\"color:#0b4e6b\"><strong>Un grup \u00fanic<\/strong><\/h2>\n\n\n\n<div style=\"height:30px\" aria-hidden=\"true\" class=\"wp-block-spacer\"><\/div>\n\n\n\n<p>Pedagogia, biologia, dret, administraci\u00f3, matem\u00e0tiques, economia, inform\u00e0tica, disseny\u2026 A Mainjobs tenim la sort de comptar amb persones que provenen de tota mena de camps d&#039;estudi, per\u00f2 tots tenen alguna cosa en com\u00fa: talent i ganes.<\/p>\n<\/div>\n<\/div>\n<\/div><\/div>\n\n\n\n<div style=\"height:5vh\" aria-hidden=\"true\" class=\"wp-block-spacer\"><\/div>\n<\/div><\/div>","protected":false},"excerpt":{"rendered":"<p>Personas que marcan la diferencia En Mainjobs trabajar\u00e1s con un equipo multidisciplinar de m\u00e1s de 450 profesionales que se comprometen al 100% con sus proyectos. Nos define la creatividad, el [&hellip;]<\/p>","protected":false},"author":2,"featured_media":0,"parent":0,"menu_order":0,"comment_status":"closed","ping_status":"closed","template":"","meta":{"inline_featured_image":false,"advgb_blocks_editor_width":"","advgb_blocks_columns_visual_guide":"","_joinchat":[],"footnotes":""},"class_list":["post-4389","page","type-page","status-publish","hentry"],"acf":[],"coauthors":[],"author_meta":{"author_link":"https:\/\/projects.grupomainjobs.com\/ca\/author\/jmoreno\/","display_name":"Comunicaci\u00f3n Mainjobs"},"relative_dates":{"created":"Posted 10 anys ago","modified":"Updated 1 mes ago"},"absolute_dates":{"created":"Posted on abril 19, 2016","modified":"Updated on febrer 19, 2026"},"absolute_dates_time":{"created":"Posted on abril 19, 2016 13:00","modified":"Updated on febrer 19, 2026 17:16"},"featured_img_caption":"","featured_img":false,"series_order":"","_links":{"self":[{"href":"https:\/\/projects.grupomainjobs.com\/ca\/wp-json\/wp\/v2\/pages\/4389","targetHints":{"allow":["GET"]}}],"collection":[{"href":"https:\/\/projects.grupomainjobs.com\/ca\/wp-json\/wp\/v2\/pages"}],"about":[{"href":"https:\/\/projects.grupomainjobs.com\/ca\/wp-json\/wp\/v2\/types\/page"}],"author":[{"embeddable":true,"href":"https:\/\/projects.grupomainjobs.com\/ca\/wp-json\/wp\/v2\/users\/2"}],"replies":[{"embeddable":true,"href":"https:\/\/projects.grupomainjobs.com\/ca\/wp-json\/wp\/v2\/comments?post=4389"}],"version-history":[{"count":179,"href":"https:\/\/projects.grupomainjobs.com\/ca\/wp-json\/wp\/v2\/pages\/4389\/revisions"}],"predecessor-version":[{"id":43019,"href":"https:\/\/projects.grupomainjobs.com\/ca\/wp-json\/wp\/v2\/pages\/4389\/revisions\/43019"}],"wp:attachment":[{"href":"https:\/\/projects.grupomainjobs.com\/ca\/wp-json\/wp\/v2\/media?parent=4389"}],"curies":[{"name":"wp","href":"https:\/\/api.w.org\/{rel}","templated":true}]}}