
{"id":4343,"date":"2016-04-19T08:36:41","date_gmt":"2016-04-19T07:36:41","guid":{"rendered":"https:\/\/projects.grupomainjobs.com\/?page_id=4343"},"modified":"2016-04-25T18:54:29","modified_gmt":"2016-04-25T17:54:29","slug":"formacion-con-practicas-en-empresas","status":"publish","type":"page","link":"https:\/\/projects.grupomainjobs.com\/ca\/tu-formacion\/formacion-con-practicas-en-empresas\/","title":{"rendered":"Formaci\u00f3 amb pr\u00e0ctiques a empreses."},"content":{"rendered":"<p>El\/la nen\/a bonic\/a del nostre cat\u00e0leg, \u00e9s una aposta personal de tots nosaltres per oferir no nom\u00e9s formaci\u00f3 en tots els sabors possibles (presencial, online, o semi), sin\u00f3 dotar-lo de la\u00a0<strong>clau desbloquejadora on realment hi ha la clau<\/strong>, la que genera ocupaci\u00f3: les pr\u00e0ctiques en empreses.<\/p>\n<p>No fer fotoc\u00f2pies o recollir la roba del cap al tint, grans empreses amb processos de tutoritzaci\u00f3 reglats que busquen\u00a0<strong>sinergies bidireccionals\u00a0<\/strong>per captar talent per\u00f2 tamb\u00e9 assumir l&#039;empenta dels m\u00e9s joves com a proc\u00e9s de renovaci\u00f3.<\/p>","protected":false},"excerpt":{"rendered":"<p>El\/la ni\u00f1o\/a bonito\/a de nuestro catalogo, es una apuesta personal de todos nosotros por ofrecer no s\u00f3lo formaci\u00f3n en todos los sabores posibles (presencial, online, o semi), si no dotarle [&hellip;]<\/p>","protected":false},"author":9192194,"featured_media":4338,"parent":3940,"menu_order":0,"comment_status":"closed","ping_status":"closed","template":"","meta":{"inline_featured_image":false,"advgb_blocks_editor_width":"","advgb_blocks_columns_visual_guide":"","_joinchat":[],"footnotes":""},"class_list":["post-4343","page","type-page","status-publish","has-post-thumbnail","hentry"],"acf":[],"coauthors":[],"author_meta":{"author_link":"https:\/\/projects.grupomainjobs.com\/ca\/author\/minfantes\/","display_name":"Comunicaci\u00f3n Mainjobs"},"relative_dates":{"created":"Posted 10 anys ago","modified":"Updated 10 anys ago"},"absolute_dates":{"created":"Posted on abril 19, 2016","modified":"Updated on abril 25, 2016"},"absolute_dates_time":{"created":"Posted on abril 19, 2016 08:36","modified":"Updated on abril 25, 2016 18:54"},"featured_img_caption":"","featured_img":"https:\/\/projects.grupomainjobs.com\/wp-content\/uploads\/2016\/03\/One-Way.jpg","series_order":"","_links":{"self":[{"href":"https:\/\/projects.grupomainjobs.com\/ca\/wp-json\/wp\/v2\/pages\/4343","targetHints":{"allow":["GET"]}}],"collection":[{"href":"https:\/\/projects.grupomainjobs.com\/ca\/wp-json\/wp\/v2\/pages"}],"about":[{"href":"https:\/\/projects.grupomainjobs.com\/ca\/wp-json\/wp\/v2\/types\/page"}],"author":[{"embeddable":true,"href":"https:\/\/projects.grupomainjobs.com\/ca\/wp-json\/wp\/v2\/users\/9192194"}],"replies":[{"embeddable":true,"href":"https:\/\/projects.grupomainjobs.com\/ca\/wp-json\/wp\/v2\/comments?post=4343"}],"version-history":[{"count":3,"href":"https:\/\/projects.grupomainjobs.com\/ca\/wp-json\/wp\/v2\/pages\/4343\/revisions"}],"predecessor-version":[{"id":4583,"href":"https:\/\/projects.grupomainjobs.com\/ca\/wp-json\/wp\/v2\/pages\/4343\/revisions\/4583"}],"up":[{"embeddable":true,"href":"https:\/\/projects.grupomainjobs.com\/ca\/wp-json\/wp\/v2\/pages\/3940"}],"wp:featuredmedia":[{"embeddable":true,"href":"https:\/\/projects.grupomainjobs.com\/ca\/wp-json\/wp\/v2\/media\/4338"}],"wp:attachment":[{"href":"https:\/\/projects.grupomainjobs.com\/ca\/wp-json\/wp\/v2\/media?parent=4343"}],"curies":[{"name":"wp","href":"https:\/\/api.w.org\/{rel}","templated":true}]}}