
{"id":3814,"date":"2016-03-04T17:29:06","date_gmt":"2016-03-04T16:29:06","guid":{"rendered":"https:\/\/projects.grupomainjobs.com\/?page_id=3814"},"modified":"2022-08-30T12:35:43","modified_gmt":"2022-08-30T11:35:43","slug":"3814-2","status":"publish","type":"page","link":"https:\/\/projects.grupomainjobs.com\/ca\/3814-2\/","title":{"rendered":"CoolHunting i Employer Branding"},"content":{"rendered":"<p>I tenia ra\u00f3. A m\u00e9s de con\u00e8ixer les darreres tend\u00e8ncies en recursos humans, cal estar al dia en qu\u00e8 <strong>nous perfils o tipus de professionals <\/strong>poden nodrir una organitzaci\u00f3. Nom\u00e9s aix\u00ed podrem incorporar al nostre equip persones que puguin donar resposta a aquestes necessitats reals i indispensables per a la nostra empresa.<\/p>\n<p>Per\u00f2 els perfils m\u00e9s capacitats nom\u00e9s volen anar a equips de primera. Per aix\u00f2 ja no val a oferir, tamb\u00e9 hem de <strong>seduir i conv\u00e8ncer<\/strong>, refor\u00e7ant la imatge de marca. <strong>M\u00e0rqueting i recursos humans van sempre agafats de la m\u00e0.<\/strong><\/p>\n<hr \/>\n<h4><strong>No et quedis amb dubtes, escriu-nos:<\/strong><\/h4>\n\n<div class=\"wpcf7 no-js\" id=\"wpcf7-f31-o1\" lang=\"es-ES\" dir=\"ltr\" data-wpcf7-id=\"31\">\n<div class=\"screen-reader-response\"><p role=\"status\" aria-live=\"polite\" aria-atomic=\"true\"><\/p> <ul><\/ul><\/div>\n<form action=\"\/ca\/wp-json\/wp\/v2\/pages\/3814#wpcf7-f31-o1\" method=\"post\" class=\"wpcf7-form init\" aria-label=\"Formulari de contacte\" novalidate=\"novalidate\" data-status=\"init\" data-trp-original-action=\"\/ca\/wp-json\/wp\/v2\/pages\/3814#wpcf7-f31-o1\">\n<fieldset class=\"hidden-fields-container\"><input type=\"hidden\" name=\"_wpcf7\" value=\"31\" \/><input type=\"hidden\" name=\"_wpcf7_version\" value=\"6.1.4\" \/><input type=\"hidden\" name=\"_wpcf7_locale\" value=\"es_ES\" \/><input type=\"hidden\" name=\"_wpcf7_unit_tag\" value=\"wpcf7-f31-o1\" \/><input type=\"hidden\" name=\"_wpcf7_container_post\" value=\"0\" \/><input type=\"hidden\" name=\"_wpcf7_posted_data_hash\" value=\"\" \/><input type=\"hidden\" name=\"_wpcf7_recaptcha_response\" value=\"\" \/>\n<\/fieldset>\n<div class=\"form-horizontal form-contacto\">\n\t<div class=\"container-title-category title\">\n\t\t<h2 class=\"title-category title-servicios\">Et presentes?\n\t\t<\/h2>\n\t\t<p><span class=\"linea\"><\/span>\n\t\t<\/p>\n\t<\/div>\n\t<p class=\"\"><span class=\"wpcf7-form-control-wrap\" data-name=\"form-name\"><input size=\"40\" maxlength=\"400\" class=\"wpcf7-form-control wpcf7-text wpcf7-validates-as-required\" aria-required=\"true\" aria-invalid=\"false\" placeholder=\"Hola! Com et dius?\" value=\"\" type=\"text\" name=\"form-name\" \/><\/span>\n\t<\/p>\n\t<p class=\"e\"><span class=\"wpcf7-form-control-wrap\" data-name=\"form-email\"><input size=\"40\" maxlength=\"400\" class=\"wpcf7-form-control wpcf7-email wpcf7-validates-as-required wpcf7-text wpcf7-validates-as-email\" aria-required=\"true\" aria-invalid=\"false\" placeholder=\"Ens deixes el teu correu electr\u00f2nic? Et contestarem i quadrarem agendes per quedar\" value=\"\" type=\"email\" name=\"form-email\" \/><\/span>\n\t<\/p>\n\t<p class=\"\"><span class=\"wpcf7-form-control-wrap\" data-name=\"form-ubicacion\"><input size=\"40\" maxlength=\"400\" class=\"wpcf7-form-control wpcf7-text wpcf7-validates-as-required\" aria-required=\"true\" aria-invalid=\"false\" placeholder=\"A quina part del mapa vius?\" value=\"\" type=\"text\" name=\"form-ubicacion\" \/><\/span>\n\t<\/p>\n\t<p class=\"\"><span class=\"wpcf7-form-control-wrap\" data-name=\"form-dedicacion\"><input size=\"40\" maxlength=\"400\" class=\"wpcf7-form-control wpcf7-text wpcf7-validates-as-required\" aria-required=\"true\" aria-invalid=\"false\" placeholder=\"A qu\u00e8 et dediques?\" value=\"\" type=\"text\" name=\"form-dedicacion\" \/><\/span>\n\t<\/p>\n\t<div class=\"container-title-category title\">\n\t\t<h2 class=\"title-category title-servicios\">La teva empresa o administraci\u00f3 p\u00fablica\n\t\t<\/h2>\n\t\t<p><span class=\"linea\"><\/span>\n\t\t<\/p>\n\t<\/div>\n\t<p class=\"\"><span class=\"wpcf7-form-control-wrap\" data-name=\"Empresa\"><input size=\"40\" maxlength=\"400\" class=\"wpcf7-form-control wpcf7-text\" aria-invalid=\"false\" placeholder=\"Nom de la teva empresa o administraci\u00f3 p\u00fablica\" value=\"\" type=\"text\" name=\"Empresa\" \/><\/span>\n\t<\/p>\n\t<p class=\"\"><span class=\"wpcf7-form-control-wrap\" data-name=\"Num-trabajadores\"><input size=\"40\" maxlength=\"400\" class=\"wpcf7-form-control wpcf7-text\" aria-invalid=\"false\" placeholder=\"Quantes persones esteu treballant?\" value=\"\" type=\"text\" name=\"Num-trabajadores\" \/><\/span>\n\t<\/p>\n\t<p class=\"\"><span class=\"wpcf7-form-control-wrap\" data-name=\"Telefono\"><input size=\"40\" maxlength=\"400\" class=\"wpcf7-form-control wpcf7-text\" aria-invalid=\"false\" placeholder=\"Prometem no trucar en horaris indesitjables. Si teniu extensi\u00f3 a la feina, indica-la.\" value=\"\" type=\"text\" name=\"Telefono\" \/><\/span>\n\t<\/p>\n\t<p class=\"email\"><span class=\"wpcf7-form-control-wrap\" data-name=\"Email-Empresa\"><input size=\"40\" maxlength=\"400\" class=\"wpcf7-form-control wpcf7-text\" aria-invalid=\"false\" placeholder=\"Quin email uses a la teva empresa?\" value=\"\" type=\"text\" name=\"Email-Empresa\" \/><\/span>\n\t<\/p>\n\t<p class=\"mensaje\"><span class=\"wpcf7-form-control-wrap\" data-name=\"form-mensaje\"><textarea cols=\"40\" rows=\"10\" maxlength=\"2000\" class=\"wpcf7-form-control wpcf7-textarea wpcf7-validates-as-required\" aria-required=\"true\" aria-invalid=\"false\" placeholder=\"Explica&#039;ns que necessites, qu\u00e8 est\u00e0s buscant...\" name=\"form-mensaje\"><\/textarea><\/span>\n\t<\/p>\n\t<p><label class=\"checkbox-inline\" for=\"checkboxes-0\"><span class=\"wpcf7-form-control-wrap\" data-name=\"acepto\"><span class=\"wpcf7-form-control wpcf7-acceptance\"><span class=\"wpcf7-list-item\"><input type=\"checkbox\" name=\"acepto\" value=\"1\" aria-invalid=\"false\" \/><\/span><\/span><\/span>Accepto que les meves dades personals siguin tractades d&#039;acord amb la <a href=\"politica-de-privacidad\" target=\"_blank\">pol\u00edtica de privadesa.<\/a><\/label>\n\t<\/p>\n\t<div class=\"form-group\">\n\t\t<p class=\"mensaje politica-box\" style=\"text-align: justify; font-size: 12px; width: 90%; padding: 0 5%;\">Grupo Mainjobs t&#039;informa que les dades del present formulari seran tractades per MAINJOBS INTERNACIONAL EDUCATIVA I TECNOL\u00d2GICA SA com a responsable d&#039;aquest web. La finalitat de la recollida i el tractament de les dades personals \u00e9s per donar resposta a la consulta realitzada aix\u00ed com per a l&#039;enviament d&#039;informaci\u00f3 dels serveis del responsable del tractament. La legitimaci\u00f3 \u00e9s el consentiment de linter\u00e8s. Podr\u00e0s exercir els teus drets d&#039;acc\u00e9s, rectificaci\u00f3, limitaci\u00f3 i suprimir les dades a <a href=\"mailto:cumplimiento@projects.grupomainjobs.com\">cumplimiento@projects.grupomainjobs.com<\/a> aix\u00ed com el dret a presentar una reclamaci\u00f3 davant de l&#039;autoritat de control. Pots consultar la informaci\u00f3 addicional i detallada sobre Protecci\u00f3 de dades a la Pol\u00edtica de Privadesa que trobar\u00e0s a la nostra p\u00e0gina web projects.grupomainjobs.com\n\t\t<\/p>\n\t\t<p class=\"mensaje\">Vull rebre informaci\u00f3 de Grupo Mainjobs\n\t\t<\/p>\n\t\t<p><span class=\"wpcf7-form-control-wrap\" data-name=\"QuierorecibirinformacindeGrupoMainjobs\"><span class=\"wpcf7-form-control wpcf7-checkbox wpcf7-validates-as-required\"><span class=\"wpcf7-list-item first\"><input type=\"checkbox\" name=\"QuierorecibirinformacindeGrupoMainjobs[]\" value=\"S\u00ed\" \/><span class=\"wpcf7-list-item-label\">S\u00ed<\/span><\/span><span class=\"wpcf7-list-item last\"><input type=\"checkbox\" name=\"QuierorecibirinformacindeGrupoMainjobs[]\" value=\"No\" \/><span class=\"wpcf7-list-item-label\">No<\/span><\/span><\/span><\/span><br \/>\n<label for=\"enviar\" class=\"row control-label\"><\/label><br \/>\n<input class=\"wpcf7-form-control wpcf7-submit has-spinner\" type=\"submit\" value=\"Enviar\" \/>\n\t\t<\/p>\n\t<\/div>\n<\/div><div class=\"wpcf7-response-output\" aria-hidden=\"true\"><\/div>\n<input type=\"hidden\" name=\"trp-form-language\" value=\"ca\"\/><\/form>\n<\/div>","protected":false},"excerpt":{"rendered":"<p>Y llevaba raz\u00f3n. Adem\u00e1s de conocer las \u00faltimas tendencias en recursos humanos, hay que estar al d\u00eda en qu\u00e9 nuevos perfiles o tipos de profesionales pueden nutrir una organizaci\u00f3n. S\u00f3lo [&hellip;]<\/p>","protected":false},"author":9192194,"featured_media":3791,"parent":0,"menu_order":0,"comment_status":"closed","ping_status":"closed","template":"","meta":{"inline_featured_image":false,"advgb_blocks_editor_width":"","advgb_blocks_columns_visual_guide":"","_joinchat":[],"footnotes":""},"class_list":["post-3814","page","type-page","status-publish","has-post-thumbnail","hentry"],"acf":[],"coauthors":[],"author_meta":{"author_link":"https:\/\/projects.grupomainjobs.com\/ca\/author\/minfantes\/","display_name":"Comunicaci\u00f3n Mainjobs"},"relative_dates":{"created":"Posted 10 anys ago","modified":"Updated 4 anys ago"},"absolute_dates":{"created":"Posted on mar\u00e7 4, 2016","modified":"Updated on agost 30, 2022"},"absolute_dates_time":{"created":"Posted on mar\u00e7 4, 2016 17:29","modified":"Updated on agost 30, 2022 12:35"},"featured_img_caption":"","featured_img":"https:\/\/projects.grupomainjobs.com\/wp-content\/uploads\/2016\/03\/gleise-1066111_960_720.jpg","series_order":"","_links":{"self":[{"href":"https:\/\/projects.grupomainjobs.com\/ca\/wp-json\/wp\/v2\/pages\/3814","targetHints":{"allow":["GET"]}}],"collection":[{"href":"https:\/\/projects.grupomainjobs.com\/ca\/wp-json\/wp\/v2\/pages"}],"about":[{"href":"https:\/\/projects.grupomainjobs.com\/ca\/wp-json\/wp\/v2\/types\/page"}],"author":[{"embeddable":true,"href":"https:\/\/projects.grupomainjobs.com\/ca\/wp-json\/wp\/v2\/users\/9192194"}],"replies":[{"embeddable":true,"href":"https:\/\/projects.grupomainjobs.com\/ca\/wp-json\/wp\/v2\/comments?post=3814"}],"version-history":[{"count":6,"href":"https:\/\/projects.grupomainjobs.com\/ca\/wp-json\/wp\/v2\/pages\/3814\/revisions"}],"predecessor-version":[{"id":12626,"href":"https:\/\/projects.grupomainjobs.com\/ca\/wp-json\/wp\/v2\/pages\/3814\/revisions\/12626"}],"wp:featuredmedia":[{"embeddable":true,"href":"https:\/\/projects.grupomainjobs.com\/ca\/wp-json\/wp\/v2\/media\/3791"}],"wp:attachment":[{"href":"https:\/\/projects.grupomainjobs.com\/ca\/wp-json\/wp\/v2\/media?parent=3814"}],"curies":[{"name":"wp","href":"https:\/\/api.w.org\/{rel}","templated":true}]}}